{"id":2372,"date":"2018-07-30T16:18:02","date_gmt":"2018-07-30T16:18:02","guid":{"rendered":"https:\/\/inidental.com\/mas-informacion-sobre-las-cookies\/"},"modified":"2023-03-13T12:58:17","modified_gmt":"2023-03-13T12:58:17","slug":"mas-informacion-sobre-las-cookies","status":"publish","type":"page","link":"https:\/\/inidental.com\/ca\/mas-informacion-sobre-las-cookies\/","title":{"rendered":"M\u00e9s informaci\u00f3 sobre les cookies"},"content":{"rendered":"<h2>Qu\u00e8 \u00e9s una cookie?<\/h2>\n<p>Una <em>cookie<\/em> \u00e9s un fitxer de text <b>inofensiu<\/b> que s&#8217;emmagatzema en el seu navegador quan visita gaireb\u00e9 qualsevol p\u00e0gina web. La utilitat de la <em>cookie<\/em> \u00e9s que la web sigui capa\u00e7 de recordar la seva visita quan torni a navegar per aquesta p\u00e0gina. Encara que molta gent no ho sap les <em>cookies<\/em> es porten utilitzant des de fa 20 anys, quan van apar\u00e8ixer els primers navegadors per a la World Wide Web.<\/p>\n<h2>Qu\u00e8 NO \u00c9S una cookie?<\/h2>\n<p>No \u00e9s un virus, ni un troi\u00e0, ni un cuc, ni spam, ni spyware, ni obre finestres pop-up.<\/p>\n<h2>Quina informaci\u00f3 emmagatzema una <em>cookie<\/em>?<\/h2>\n<p>Les <em>cookies<\/em> no solen emmagatzemar informaci\u00f3 sensible sobre vost\u00e8, com a targetes de cr\u00e8dit o dades banc\u00e0ries, fotografies, el seu DNI o informaci\u00f3 personal, etc. Les dades que guarden s\u00f3n de car\u00e0cter t\u00e8cnic, prefer\u00e8ncies personals, personalitzaci\u00f3 de continguts, etc.<\/p>\n<p>El servidor web no li associa a vost\u00e8 com a persona si no al seu navegador web. De fet, si vost\u00e8 navega habitualment amb Internet Explorer i prova de navegar per la mateixa web amb Firefox o Chrome veur\u00e0 que la web no s&#8217;adona que \u00e9s vost\u00e8 la mateixa persona perqu\u00e8 en realitat est\u00e0 associant al navegador, no a la persona.<\/p>\n<h2>Quin tipus de cookies existeixen?<\/h2>\n<ul>\n<li><em>Cookies<\/em> t\u00e8cniques: S\u00f3n les m\u00e9s elementals i permeten, entre altres coses, saber quan est\u00e0 navegant un hum\u00e0 o una aplicaci\u00f3 automatitzada, quan navega un usuari an\u00f2nim i un registrat, tasques b\u00e0siques per al funcionament de qualsevol web din\u00e0mica.<\/li>\n<li><em>Cookies<\/em> d&#8217;an\u00e0lisis: Recullen informaci\u00f3 sobre la mena de navegaci\u00f3 que est\u00e0 realitzant, les seccions que m\u00e9s utilitza, productes consultats, franja hor\u00e0ria d&#8217;\u00fas, idioma, etc.<\/li>\n<li><em>Cookies<\/em> publicit\u00e0ries: Mostren publicitat en funci\u00f3 de la seva navegaci\u00f3, el seu pa\u00eds de proced\u00e8ncia, idioma, etc.<\/li>\n<\/ul>\n<h2>Qu\u00e8 s\u00f3n les <em>cookies<\/em> pr\u00f2pies i les de tercers?<\/h2>\n<p>Les <em>cookies pr\u00f2pies<\/em> s\u00f3n les generades per la p\u00e0gina que est\u00e0 visitant i les de <em>tercers<\/em> s\u00f3n les generades per serveis o prove\u00efdors externs com Facebook, Twitter, Google, etc.<\/p>\n<h2>Qu\u00e8 succeeix si desactivo les <em>cookies<\/em>?<\/h2>\n<p>Perqu\u00e8 entengui l&#8217;abast que pot tenir desactivar les <em>cookies<\/em> li mostrarem uns exemples:<\/p>\n<ul>\n<li>No podr\u00e0 compartir continguts d&#8217;aquesta web a Facebook, Twitter o qualsevol altra xarxa social.<\/li>\n<li>El lloc web no podr\u00e0 adaptar els continguts a les seves prefer\u00e8ncies personals, com sol oc\u00f3rrer a les botigues online.<\/li>\n<li>No podr\u00e0 accedir a l&#8217;\u00e0rea personal d&#8217;aquesta web, com per exemple <em>El meu compte<\/em>, o <em>El meu perfil<\/em> o <em>Les meves comandes<\/em>.<\/li>\n<li>Botigues online: Li ser\u00e0 impossible realitzar compres online, hauran de ser telef\u00f2niques o visitant la botiga f\u00edsica si \u00e9s que disposa d&#8217;ella.<\/li>\n<li>No ser\u00e0 possible personalitzar les seves prefer\u00e8ncies geogr\u00e0fiques com a franja hor\u00e0ria, divisa o idioma.<\/li>\n<li>El lloc web no podr\u00e0 realitzar anal\u00edtiques web sobre visitants i tr\u00e0nsit en la web, la qual cosa dificultar\u00e0 que la web sigui competitiva.<\/li>\n<li>No podr\u00e0 escriure en el blog, no podr\u00e0 pujar fotos, publicar comentaris, valorar o puntuar continguts. La web tampoc podr\u00e0 saber si vost\u00e8 \u00e9s un hum\u00e0 o una aplicaci\u00f3 automatitzada que publica <em>spam<\/em>.<\/li>\n<li>No es podr\u00e0 mostrar publicitat sectoritzada, la qual cosa reduir\u00e0 els ingressos publicitaris de la web.<\/li>\n<li>Totes les xarxes socials usen <em>cookies<\/em>, si les desactiva no podr\u00e0 utilitzar cap xarxa social.<\/li>\n<\/ul>\n<h2>Es poden eliminar les <em>cookies<\/em>?<\/h2>\n<p>S\u00ed. No sols eliminar, tamb\u00e9 bloquejar, de manera general o particular per a un domini espec\u00edfic.<\/p>\n<p>Per a eliminar les <em>cookies<\/em> d&#8217;un lloc web ha d&#8217;anar a la configuraci\u00f3 del seu navegador i all\u00e0 podr\u00e0 buscar les associades al domini en q\u00fcesti\u00f3 i conducta a la seva eliminaci\u00f3.<\/p>\n<h2 id=\"navegadores\">Configuraci\u00f3 de cookies per als navegadors m\u00e9s populars<\/h2>\n<p>A continuaci\u00f3 li indiquem com accedir a una <em>cookie<\/em> determinada del navegador <b>Chrome<\/b>. Nota: aquests passos poden variar en funci\u00f3 de la versi\u00f3 del navegador:<\/p>\n<ol>\n<li>Vagi a Configuraci\u00f3 o Prefer\u00e8ncies mitjan\u00e7ant el men\u00fa Arxiu o b\u00e9 punxant la icona de personalitzaci\u00f3 que apareix a dalt a la dreta.<\/li>\n<li>Veur\u00e0 diferents seccions, punxi l&#8217;opci\u00f3 <em>Mostrar opcions avan\u00e7ades<\/em>.<\/li>\n<li>Vagi a Privacitat , <em>Configuraci\u00f3 de contingut<\/em>.<\/li>\n<li>Seleccioni <em>Totes les <em>cookies<\/em> i les dades de llocs<\/em>.<\/li>\n<li>Apareixer\u00e0 un llistat amb totes les <em>cookies<\/em> ordenades per domini. Perqu\u00e8 li sigui m\u00e9s f\u00e0cil trobar les <em>cookies<\/em> d&#8217;un determinat domini introdueixi parcial o totalment la direcci\u00f3 en el camp <em>Buscar cookies<\/em>.<\/li>\n<li>Despr\u00e9s de realitzar aquest filtre apareixeran en pantalla una o diverses l\u00ednies amb les <em>cookies<\/em> de la web sol\u00b7licitada. Ara nom\u00e9s ha de seleccionar-la i pr\u00e9mer la X per a procedir a la seva eliminaci\u00f3.<\/li>\n<\/ol>\n<p>Per a accedir a la configuraci\u00f3 de cookies del navegador <b>Internet Explorer<\/b> segueixi aquests passos (poden variar en funci\u00f3 de la versi\u00f3 del navegador):<\/p>\n<ol>\n<li>Vagi a Eines , <em>Opcions d&#8217;Internet<\/em><\/li>\n<li>Faci clic en <em>Privacitat<\/em>.<\/li>\n<li>Mogui el lliscador fins a ajustar el nivell de privacitat que desitgi.<\/li>\n<\/ol>\n<p>Per a accedir a la configuraci\u00f3 de cookies del navegador <b>Firefox<\/b> segueixi aquests passos (poden variar en funci\u00f3 de la versi\u00f3 del navegador):<\/p>\n<ol>\n<li>Vagi a Opcions o <em>Prefer\u00e8ncies<\/em> segons el seu sistema operatiu.<\/li>\n<li>Faci clic en <em>Privacitat<\/em>.<\/li>\n<li>En <em>Historial<\/em> tri\u00ef <em>Usar una configuraci\u00f3 personalitzada per a l&#8217;historial<\/em>.<\/li>\n<li>Ara veur\u00e0 l&#8217;opci\u00f3 <em>Acceptar cookies<\/em>, pot activar-la o desactivar-la segons les seves prefer\u00e8ncies.<\/li>\n<\/ol>\n<p>Per a accedir a la configuraci\u00f3 de cookies del navegador <b>Safari per a OSX<\/b> segueixi aquests passos (poden variar en funci\u00f3 de la versi\u00f3 del navegador):<\/p>\n<ol>\n<li>Vagi a Prefer\u00e8ncies , despr\u00e9s <em>Privacitat<\/em>.<\/li>\n<li>En aquest lloc veur\u00e0 l&#8217;opci\u00f3 <em>Bloquejar cookies<\/em> perqu\u00e8 ajusti el tipus de bloqueig que desitja realitzar.<\/li>\n<\/ol>\n<p>Per a accedir a la configuraci\u00f3 de cookies del navegador <b>Safari per a iOS<\/b> segueixi aquests passos (poden variar en funci\u00f3 de la versi\u00f3 del navegador):<\/p>\n<ol>\n<li>Vagi a Ajustos , despr\u00e9s <em>Safari<\/em>.<\/li>\n<li>Vagi a Privacitat <em>i Seguretat<\/em>, veur\u00e0 l&#8217;opci\u00f3 <em>Bloquejar cookies<\/em> perqu\u00e8 ajusti el tipus de bloqueig que desitja realitzar.<\/li>\n<\/ol>\n<p>Per a accedir a la configuraci\u00f3 de cookies del navegador per a dispositius <b>Android<\/b> segueixi aquests passos (poden variar en funci\u00f3 de la versi\u00f3 del navegador):<\/p>\n<ol>\n<li>Executi el navegador i premi la tecla <em>Men\u00fa<\/em>, despr\u00e9s <em>Ajustos<\/em>.<\/li>\n<li>Vagi a Seguretat <em>i Privacitat<\/em>, veur\u00e0 l&#8217;opci\u00f3 <em>Acceptar cookies<\/em> perqu\u00e8 activi o desactivi la casella.<\/li>\n<\/ol>\n<p>Per a accedir a la configuraci\u00f3 de cookies del navegador per a dispositius <b>Windows Phone<\/b> segueixi aquests passos (poden variar en funci\u00f3 de la versi\u00f3 del navegador):<\/p>\n<ol>\n<li>Obri <em>Internet Explorer<\/em>, despr\u00e9s <em>M\u00e9s<\/em>, despr\u00e9s <em>Configuraci\u00f3<\/em><\/li>\n<li>Ara pot activar o desactivar la casella <em>Permetre cookies<\/em>.<\/li>\n<\/ol>\n<p>Assessor de Cookies \u00e9s un <a href=\"http:\/\/wordpress.org\/plugins\/asesor-cookies-para-la-ley-en-espana\/\" target=\"_blank\" rel=\"noopener noreferrer\">plugin per a WordPress<\/a> creat per Carlos Doral (<a href=\"http:\/\/webartesanal.com\" target=\"_blank\" rel=\"noopener noreferrer\">webartesanal.com<\/a>)<\/p>\n","protected":false},"excerpt":{"rendered":"<p>Seguint amb el que s&#8217;estableix en la Llei 34\/2002 de Serveis de la Societat de la Informaci\u00f3, l&#8217;informem que aquest lloc web utilitza cookies.<\/p>\n","protected":false},"author":5,"featured_media":0,"parent":0,"menu_order":0,"comment_status":"closed","ping_status":"closed","template":"","meta":{"_et_pb_use_builder":"","_et_pb_old_content":"","_et_gb_content_width":"","_uf_show_specific_survey":0,"_uf_disable_surveys":false,"footnotes":""},"class_list":["post-2372","page","type-page","status-publish","hentry"],"yoast_head":"<!-- This site is optimized with the Yoast SEO plugin v27.5 - https:\/\/yoast.com\/product\/yoast-seo-wordpress\/ -->\n<title>M\u00e9s informaci\u00f3 sobre les cookies - Institut Implantol\u00f2gic Dental<\/title>\n<meta name=\"description\" content=\"Seguint amb el que s&#039;estableix en la Llei 34\/2002 de Serveis de la Societat de la Informaci\u00f3, l&#039;informem que aquest lloc web utilitza cookies.\" \/>\n<meta name=\"robots\" content=\"noindex, follow\" \/>\n<meta name=\"twitter:label1\" content=\"Temps estimat de lectura\" \/>\n\t<meta name=\"twitter:data1\" content=\"5 minuts\" \/>\n<script type=\"application\/ld+json\" class=\"yoast-schema-graph\">{\"@context\":\"https:\\\/\\\/schema.org\",\"@graph\":[{\"@type\":\"WebPage\",\"@id\":\"https:\\\/\\\/inidental.com\\\/ca\\\/mas-informacion-sobre-las-cookies\\\/\",\"url\":\"https:\\\/\\\/inidental.com\\\/ca\\\/mas-informacion-sobre-las-cookies\\\/\",\"name\":\"M\u00e9s informaci\u00f3 sobre les cookies - Institut Implantol\u00f2gic Dental\",\"isPartOf\":{\"@id\":\"https:\\\/\\\/inidental.com\\\/#website\"},\"datePublished\":\"2018-07-30T16:18:02+00:00\",\"dateModified\":\"2023-03-13T12:58:17+00:00\",\"description\":\"Seguint amb el que s'estableix en la Llei 34\\\/2002 de Serveis de la Societat de la Informaci\u00f3, l'informem que aquest lloc web utilitza cookies.\",\"breadcrumb\":{\"@id\":\"https:\\\/\\\/inidental.com\\\/ca\\\/mas-informacion-sobre-las-cookies\\\/#breadcrumb\"},\"inLanguage\":\"ca\",\"potentialAction\":[{\"@type\":\"ReadAction\",\"target\":[\"https:\\\/\\\/inidental.com\\\/ca\\\/mas-informacion-sobre-las-cookies\\\/\"]}]},{\"@type\":\"BreadcrumbList\",\"@id\":\"https:\\\/\\\/inidental.com\\\/ca\\\/mas-informacion-sobre-las-cookies\\\/#breadcrumb\",\"itemListElement\":[{\"@type\":\"ListItem\",\"position\":1,\"name\":\"Home\",\"item\":\"https:\\\/\\\/inidental.com\\\/ca\\\/\"},{\"@type\":\"ListItem\",\"position\":2,\"name\":\"M\u00e9s informaci\u00f3 sobre les cookies\"}]},{\"@type\":\"WebSite\",\"@id\":\"https:\\\/\\\/inidental.com\\\/#website\",\"url\":\"https:\\\/\\\/inidental.com\\\/\",\"name\":\"Institut Implantol\u00f2gic Dental\",\"description\":\"Cl\u00ednica dental de confianza\",\"publisher\":{\"@id\":\"https:\\\/\\\/inidental.com\\\/#organization\"},\"potentialAction\":[{\"@type\":\"SearchAction\",\"target\":{\"@type\":\"EntryPoint\",\"urlTemplate\":\"https:\\\/\\\/inidental.com\\\/?s={search_term_string}\"},\"query-input\":{\"@type\":\"PropertyValueSpecification\",\"valueRequired\":true,\"valueName\":\"search_term_string\"}}],\"inLanguage\":\"ca\"},{\"@type\":\"Organization\",\"@id\":\"https:\\\/\\\/inidental.com\\\/#organization\",\"name\":\"Cl\u00ednica Dental Sant Marc\",\"url\":\"https:\\\/\\\/inidental.com\\\/\",\"logo\":{\"@type\":\"ImageObject\",\"inLanguage\":\"ca\",\"@id\":\"https:\\\/\\\/inidental.com\\\/#\\\/schema\\\/logo\\\/image\\\/\",\"url\":\"https:\\\/\\\/inidental.com\\\/wp-content\\\/uploads\\\/2018\\\/09\\\/sant-marc-clinica-dental.jpg\",\"contentUrl\":\"https:\\\/\\\/inidental.com\\\/wp-content\\\/uploads\\\/2018\\\/09\\\/sant-marc-clinica-dental.jpg\",\"width\":512,\"height\":512,\"caption\":\"Cl\u00ednica Dental Sant Marc\"},\"image\":{\"@id\":\"https:\\\/\\\/inidental.com\\\/#\\\/schema\\\/logo\\\/image\\\/\"}}]}<\/script>\n<!-- \/ Yoast SEO plugin. -->","yoast_head_json":{"title":"M\u00e9s informaci\u00f3 sobre les cookies - Institut Implantol\u00f2gic Dental","description":"Seguint amb el que s'estableix en la Llei 34\/2002 de Serveis de la Societat de la Informaci\u00f3, l'informem que aquest lloc web utilitza cookies.","robots":{"index":"noindex","follow":"follow"},"twitter_misc":{"Temps estimat de lectura":"5 minuts"},"schema":{"@context":"https:\/\/schema.org","@graph":[{"@type":"WebPage","@id":"https:\/\/inidental.com\/ca\/mas-informacion-sobre-las-cookies\/","url":"https:\/\/inidental.com\/ca\/mas-informacion-sobre-las-cookies\/","name":"M\u00e9s informaci\u00f3 sobre les cookies - Institut Implantol\u00f2gic Dental","isPartOf":{"@id":"https:\/\/inidental.com\/#website"},"datePublished":"2018-07-30T16:18:02+00:00","dateModified":"2023-03-13T12:58:17+00:00","description":"Seguint amb el que s'estableix en la Llei 34\/2002 de Serveis de la Societat de la Informaci\u00f3, l'informem que aquest lloc web utilitza cookies.","breadcrumb":{"@id":"https:\/\/inidental.com\/ca\/mas-informacion-sobre-las-cookies\/#breadcrumb"},"inLanguage":"ca","potentialAction":[{"@type":"ReadAction","target":["https:\/\/inidental.com\/ca\/mas-informacion-sobre-las-cookies\/"]}]},{"@type":"BreadcrumbList","@id":"https:\/\/inidental.com\/ca\/mas-informacion-sobre-las-cookies\/#breadcrumb","itemListElement":[{"@type":"ListItem","position":1,"name":"Home","item":"https:\/\/inidental.com\/ca\/"},{"@type":"ListItem","position":2,"name":"M\u00e9s informaci\u00f3 sobre les cookies"}]},{"@type":"WebSite","@id":"https:\/\/inidental.com\/#website","url":"https:\/\/inidental.com\/","name":"Institut Implantol\u00f2gic Dental","description":"Cl\u00ednica dental de confianza","publisher":{"@id":"https:\/\/inidental.com\/#organization"},"potentialAction":[{"@type":"SearchAction","target":{"@type":"EntryPoint","urlTemplate":"https:\/\/inidental.com\/?s={search_term_string}"},"query-input":{"@type":"PropertyValueSpecification","valueRequired":true,"valueName":"search_term_string"}}],"inLanguage":"ca"},{"@type":"Organization","@id":"https:\/\/inidental.com\/#organization","name":"Cl\u00ednica Dental Sant Marc","url":"https:\/\/inidental.com\/","logo":{"@type":"ImageObject","inLanguage":"ca","@id":"https:\/\/inidental.com\/#\/schema\/logo\/image\/","url":"https:\/\/inidental.com\/wp-content\/uploads\/2018\/09\/sant-marc-clinica-dental.jpg","contentUrl":"https:\/\/inidental.com\/wp-content\/uploads\/2018\/09\/sant-marc-clinica-dental.jpg","width":512,"height":512,"caption":"Cl\u00ednica Dental Sant Marc"},"image":{"@id":"https:\/\/inidental.com\/#\/schema\/logo\/image\/"}}]}},"_links":{"self":[{"href":"https:\/\/inidental.com\/ca\/wp-json\/wp\/v2\/pages\/2372","targetHints":{"allow":["GET"]}}],"collection":[{"href":"https:\/\/inidental.com\/ca\/wp-json\/wp\/v2\/pages"}],"about":[{"href":"https:\/\/inidental.com\/ca\/wp-json\/wp\/v2\/types\/page"}],"author":[{"embeddable":true,"href":"https:\/\/inidental.com\/ca\/wp-json\/wp\/v2\/users\/5"}],"replies":[{"embeddable":true,"href":"https:\/\/inidental.com\/ca\/wp-json\/wp\/v2\/comments?post=2372"}],"version-history":[{"count":2,"href":"https:\/\/inidental.com\/ca\/wp-json\/wp\/v2\/pages\/2372\/revisions"}],"predecessor-version":[{"id":7020,"href":"https:\/\/inidental.com\/ca\/wp-json\/wp\/v2\/pages\/2372\/revisions\/7020"}],"wp:attachment":[{"href":"https:\/\/inidental.com\/ca\/wp-json\/wp\/v2\/media?parent=2372"}],"curies":[{"name":"wp","href":"https:\/\/api.w.org\/{rel}","templated":true}]}}