{"id":6718,"date":"2023-01-12T08:24:35","date_gmt":"2023-01-12T08:24:35","guid":{"rendered":"https:\/\/inidental.com\/?page_id=6718"},"modified":"2024-03-26T09:36:43","modified_gmt":"2024-03-26T09:36:43","slug":"cas-clinic-2","status":"publish","type":"page","link":"https:\/\/inidental.com\/ca\/cas-clinic-2\/","title":{"rendered":"Cas Cl\u00ednic 2: T\u00e8cnica All on Four"},"content":{"rendered":"<p>[et_pb_section fb_built=&#8221;1&#8243; _builder_version=&#8221;4.17.6&#8243; _module_preset=&#8221;default&#8221; global_colors_info=&#8221;{}&#8221;][et_pb_row _builder_version=&#8221;4.17.6&#8243; _module_preset=&#8221;default&#8221; global_colors_info=&#8221;{}&#8221;][et_pb_column type=&#8221;4_4&#8243; _builder_version=&#8221;4.17.6&#8243; _module_preset=&#8221;default&#8221; global_colors_info=&#8221;{}&#8221;][et_pb_image src=&#8221;https:\/\/inidental.com\/wp-content\/uploads\/2023\/01\/informe-dental.png&#8221; alt=&#8221;Informe dental caso cl\u00ednico&#8221; title_text=&#8221;Informe Dental&#8221; align=&#8221;center&#8221; _builder_version=&#8221;4.17.6&#8243; _module_preset=&#8221;default&#8221; width=&#8221;6%&#8221; global_colors_info=&#8221;{}&#8221;][\/et_pb_image][et_pb_text _builder_version=&#8221;4.17.6&#8243; _module_preset=&#8221;default&#8221; locked=&#8221;off&#8221; global_colors_info=&#8221;{}&#8221;]<\/p>\n<h1 style=\"text-align: center;\">Cas Cl\u00ednic 2: T\u00e8cnica All on Four<\/h1>\n<p>[\/et_pb_text][et_pb_divider _builder_version=&#8221;4.17.6&#8243; _module_preset=&#8221;default&#8221; max_width=&#8221;15%&#8221; module_alignment=&#8221;center&#8221; locked=&#8221;off&#8221; global_colors_info=&#8221;{}&#8221;][\/et_pb_divider][et_pb_text _builder_version=&#8221;4.17.6&#8243; _module_preset=&#8221;default&#8221; locked=&#8221;off&#8221; global_colors_info=&#8221;{}&#8221;]<\/p>\n<p style=\"text-align: center;\">Pacient de 45 anys amb periodontitis avan\u00e7ada i p\u00e8rdua \u00f2ssia generalitzada amb mobilitat a tots els seus dents.<\/p>\n<p>[\/et_pb_text][et_pb_image src=&#8221;https:\/\/inidental.com\/wp-content\/uploads\/2023\/01\/caso-clinico-2-tecnica-all-on-four.jpg&#8221; alt=&#8221;Caso cl\u00ednico 2: Caso de Jordi t\u00e9cnica All on Four&#8221; title_text=&#8221;Caso de Jordi t\u00e9cnica All on Four&#8221; align=&#8221;center&#8221; _builder_version=&#8221;4.17.6&#8243; _module_preset=&#8221;default&#8221; width=&#8221;60%&#8221; locked=&#8221;off&#8221; global_colors_info=&#8221;{}&#8221;][\/et_pb_image][et_pb_text _builder_version=&#8221;4.17.6&#8243; _module_preset=&#8221;default&#8221; global_colors_info=&#8221;{}&#8221;]<\/p>\n<p>Acudeix per buscar una soluci\u00f3 definitiva al despla\u00e7ament de les dents anteriors ia la mobilitat extrema de les dents que li impedeix mastegar, li expliquem que l&#8217;\u00fanica soluci\u00f3 \u00e9s l&#8217;extracci\u00f3 de totes les dents.<\/p>\n<p>[\/et_pb_text][et_pb_image src=&#8221;https:\/\/inidental.com\/wp-content\/uploads\/2023\/01\/caso-clinico-2-tecnica-all-on-four-2.jpg&#8221; alt=&#8221;Caso cl\u00ednico 2: Caso de Jordi t\u00e9cnica All on Four&#8221; title_text=&#8221;Caso de Jordi t\u00e9cnica All on Four&#8221; align=&#8221;center&#8221; _builder_version=&#8221;4.17.6&#8243; _module_preset=&#8221;default&#8221; width=&#8221;60%&#8221; locked=&#8221;off&#8221; global_colors_info=&#8221;{}&#8221;][\/et_pb_image][et_pb_text _builder_version=&#8221;4.17.6&#8243; _module_preset=&#8221;default&#8221; global_colors_info=&#8221;{}&#8221;]<\/p>\n<blockquote>\n<p>Es proposa al pacient la t\u00e8cnica \u201call on four\u201d, t\u00e8cnica implantologia i rehabilitadora que consisteix a substituir totes les dents d&#8217;un dels maxil\u00b7lars del pacient per 12 corones de metall cer\u00e0mica que es recolzen sobre 4 implants.<\/p>\n<\/blockquote>\n<p style=\"text-align: justify;\">En el cas del pacient s&#8217;havien d&#8217;extreure 24 dents. Per realitzar aquesta cirurgia en una sola sessi\u00f3 s&#8217;ha de sotmetre el pacient a una sedaci\u00f3 conscient, realitzada a la pr\u00f2pia cl\u00ednica Sant Marc.<\/p>\n<p style=\"text-align: justify;\">Un cop el pacient es troba sedat es realitzen les extraccions de totes les dents i <strong>col\u00b7locaci\u00f3 de 4 implants al maxil\u00b7lar superior i de 4 implants al maxil\u00b7lar inferior i la col\u00b7locaci\u00f3 d&#8217;una pr\u00f2tesi provisional fixa al maxil\u00b7lar superior i una pr\u00f2tesi provisional fixa a el maxil\u00b7lar inferior<\/strong>, per aconseguir una est\u00e8tica immediata i que el pacient pugui somriure. Com que el cas era propici es va decidir deixar 5 molars al pacient perqu\u00e8 amb ells pogu\u00e9s mastegar durant el per\u00edode de 12 setmanes d&#8217;osteointegraci\u00f3 dels 8 implants. El temps de la intervenci\u00f3 va ser de 4 hores.<\/p>\n<p>[\/et_pb_text][et_pb_image src=&#8221;https:\/\/inidental.com\/wp-content\/uploads\/2023\/01\/caso-clinico-2-tecnica-all-on-four-3.jpg&#8221; alt=&#8221;Caso cl\u00ednico 2: Caso de Jordi t\u00e9cnica All on Four&#8221; title_text=&#8221;Caso de Jordi t\u00e9cnica All on Four&#8221; align=&#8221;center&#8221; _builder_version=&#8221;4.17.6&#8243; _module_preset=&#8221;default&#8221; width=&#8221;60%&#8221; locked=&#8221;off&#8221; global_colors_info=&#8221;{}&#8221;][\/et_pb_image][et_pb_image src=&#8221;https:\/\/inidental.com\/wp-content\/uploads\/2023\/01\/caso-clinico-2-tecnica-all-on-four-4.jpg&#8221; alt=&#8221;Caso cl\u00ednico 2: Caso de Jordi t\u00e9cnica All on Four&#8221; title_text=&#8221;Caso de Jordi t\u00e9cnica All on Four&#8221; align=&#8221;center&#8221; _builder_version=&#8221;4.17.6&#8243; _module_preset=&#8221;default&#8221; width=&#8221;60%&#8221; locked=&#8221;off&#8221; global_colors_info=&#8221;{}&#8221;][\/et_pb_image][et_pb_text _builder_version=&#8221;4.17.6&#8243; _module_preset=&#8221;default&#8221; global_colors_info=&#8221;{}&#8221;]<\/p>\n<p style=\"text-align: justify;\">Un cop s&#8217;han osteointegrat els implants, es fa la pr\u00f2tesi fixa de metall cer\u00e0mica i l&#8217;extracci\u00f3 dels 5 molars.<\/p>\n<blockquote>\n<p><strong>El temps total del tractament va ser de 5 mesos,<\/strong> durant tot el tractament el pacient va gaudir de la seva pr\u00f2tesi provisional fixa i va poder mastegar amb els molars.<\/p>\n<\/blockquote>\n<p style=\"text-align: justify;\">El m\u00e9s important del cas \u00e9s la gran satisfacci\u00f3 de la pacient i el resultat final aconseguit per tot l&#8217;equip de la Cl\u00ednica Sant Marc i al seguiment de les nostres instruccions durant tot el proc\u00e9s.<\/p>\n<p>[\/et_pb_text][et_pb_image src=&#8221;https:\/\/inidental.com\/wp-content\/uploads\/2023\/01\/caso-clinico-2-tecnica-all-on-four-5.jpg&#8221; alt=&#8221;Caso cl\u00ednico 2: Caso de Jordi t\u00e9cnica All on Four&#8221; title_text=&#8221;Caso de Jordi t\u00e9cnica All on Four&#8221; align=&#8221;center&#8221; _builder_version=&#8221;4.17.6&#8243; _module_preset=&#8221;default&#8221; width=&#8221;60%&#8221; locked=&#8221;off&#8221; global_colors_info=&#8221;{}&#8221;][\/et_pb_image][et_pb_image src=&#8221;https:\/\/inidental.com\/wp-content\/uploads\/2023\/01\/caso-clinico-2-tecnica-all-on-four-6.jpg&#8221; alt=&#8221;Caso cl\u00ednico 2: Caso de Jordi t\u00e9cnica All on Four&#8221; title_text=&#8221;Caso de Jordi t\u00e9cnica All on Four&#8221; align=&#8221;center&#8221; _builder_version=&#8221;4.17.6&#8243; _module_preset=&#8221;default&#8221; width=&#8221;60%&#8221; locked=&#8221;off&#8221; global_colors_info=&#8221;{}&#8221;][\/et_pb_image][et_pb_video src=&#8221;https:\/\/youtu.be\/ngpmgjj7IFg?si=whx9RSE1sdNtBPWZ&#8221; _builder_version=&#8221;4.24.1&#8243; _module_preset=&#8221;default&#8221; hover_enabled=&#8221;0&#8243; global_colors_info=&#8221;{}&#8221; sticky_enabled=&#8221;0&#8243;][\/et_pb_video][\/et_pb_column][\/et_pb_row][et_pb_row admin_label=&#8221;Row&#8221; _builder_version=&#8221;4.16&#8243; background_size=&#8221;initial&#8221; background_position=&#8221;top_left&#8221; background_repeat=&#8221;repeat&#8221; locked=&#8221;off&#8221; global_colors_info=&#8221;{}&#8221;][et_pb_column type=&#8221;4_4&#8243; admin_label=&#8221;Column&#8221; _builder_version=&#8221;4.16&#8243; custom_padding=&#8221;|||&#8221; global_colors_info=&#8221;{}&#8221; custom_padding__hover=&#8221;|||&#8221;][et_pb_divider color=&#8221;#dddddd&#8221; _builder_version=&#8221;4.16&#8243; global_colors_info=&#8221;{}&#8221;][\/et_pb_divider][et_pb_cta button_url=&#8221;https:\/\/inidental.com\/ca\/contacto\/&#8221; button_text=&#8221;Demanar cita&#8221; module_class=&#8221;botonFormularioLateral&#8221; _builder_version=&#8221;4.17.6&#8243; header_font=&#8221;|600|||||||&#8221; use_background_color=&#8221;off&#8221; button_icon=&#8221;&#x45;||divi||400&#8243; button_icon_color=&#8221;#ffffff&#8221; button_alignment=&#8221;center&#8221; background_layout=&#8221;light&#8221; z_index_tablet=&#8221;500&#8243; header_text_shadow_horizontal_length_tablet=&#8221;0px&#8221; header_text_shadow_vertical_length_tablet=&#8221;0px&#8221; header_text_shadow_blur_strength_tablet=&#8221;1px&#8221; body_text_shadow_horizontal_length_tablet=&#8221;0px&#8221; body_text_shadow_vertical_length_tablet=&#8221;0px&#8221; body_text_shadow_blur_strength_tablet=&#8221;1px&#8221; body_link_text_shadow_horizontal_length_tablet=&#8221;0px&#8221; body_link_text_shadow_vertical_length_tablet=&#8221;0px&#8221; body_link_text_shadow_blur_strength_tablet=&#8221;1px&#8221; body_ul_text_shadow_horizontal_length_tablet=&#8221;0px&#8221; body_ul_text_shadow_vertical_length_tablet=&#8221;0px&#8221; body_ul_text_shadow_blur_strength_tablet=&#8221;1px&#8221; body_ol_text_shadow_horizontal_length_tablet=&#8221;0px&#8221; body_ol_text_shadow_vertical_length_tablet=&#8221;0px&#8221; body_ol_text_shadow_blur_strength_tablet=&#8221;1px&#8221; body_quote_text_shadow_horizontal_length_tablet=&#8221;0px&#8221; body_quote_text_shadow_vertical_length_tablet=&#8221;0px&#8221; body_quote_text_shadow_blur_strength_tablet=&#8221;1px&#8221; button_text_shadow_horizontal_length_tablet=&#8221;0px&#8221; button_text_shadow_vertical_length_tablet=&#8221;0px&#8221; button_text_shadow_blur_strength_tablet=&#8221;1px&#8221; box_shadow_horizontal_tablet=&#8221;0px&#8221; box_shadow_vertical_tablet=&#8221;0px&#8221; box_shadow_blur_tablet=&#8221;40px&#8221; box_shadow_spread_tablet=&#8221;0px&#8221; box_shadow_horizontal_button_tablet=&#8221;0px&#8221; box_shadow_vertical_button_tablet=&#8221;0px&#8221; box_shadow_blur_button_tablet=&#8221;40px&#8221; box_shadow_spread_button_tablet=&#8221;0px&#8221; text_shadow_horizontal_length_tablet=&#8221;0px&#8221; text_shadow_vertical_length_tablet=&#8221;0px&#8221; text_shadow_blur_strength_tablet=&#8221;1px&#8221; global_colors_info=&#8221;{}&#8221; button_text_size__hover_enabled=&#8221;off&#8221; button_text_size__hover=&#8221;null&#8221; button_one_text_size__hover_enabled=&#8221;off&#8221; button_one_text_size__hover=&#8221;null&#8221; button_two_text_size__hover_enabled=&#8221;off&#8221; button_two_text_size__hover=&#8221;null&#8221; button_text_color__hover_enabled=&#8221;off&#8221; button_text_color__hover=&#8221;null&#8221; button_one_text_color__hover_enabled=&#8221;off&#8221; button_one_text_color__hover=&#8221;null&#8221; button_two_text_color__hover_enabled=&#8221;off&#8221; button_two_text_color__hover=&#8221;null&#8221; button_border_width__hover_enabled=&#8221;off&#8221; button_border_width__hover=&#8221;null&#8221; button_one_border_width__hover_enabled=&#8221;off&#8221; button_one_border_width__hover=&#8221;null&#8221; button_two_border_width__hover_enabled=&#8221;off&#8221; button_two_border_width__hover=&#8221;null&#8221; button_border_color__hover_enabled=&#8221;off&#8221; button_border_color__hover=&#8221;null&#8221; button_one_border_color__hover_enabled=&#8221;off&#8221; button_one_border_color__hover=&#8221;null&#8221; button_two_border_color__hover_enabled=&#8221;off&#8221; button_two_border_color__hover=&#8221;null&#8221; button_border_radius__hover_enabled=&#8221;off&#8221; button_border_radius__hover=&#8221;null&#8221; button_one_border_radius__hover_enabled=&#8221;off&#8221; button_one_border_radius__hover=&#8221;null&#8221; button_two_border_radius__hover_enabled=&#8221;off&#8221; button_two_border_radius__hover=&#8221;null&#8221; button_letter_spacing__hover_enabled=&#8221;off&#8221; button_letter_spacing__hover=&#8221;null&#8221; button_one_letter_spacing__hover_enabled=&#8221;off&#8221; button_one_letter_spacing__hover=&#8221;null&#8221; button_two_letter_spacing__hover_enabled=&#8221;off&#8221; button_two_letter_spacing__hover=&#8221;null&#8221; button_bg_color__hover_enabled=&#8221;off&#8221; button_bg_color__hover=&#8221;null&#8221; button_one_bg_color__hover_enabled=&#8221;off&#8221; button_one_bg_color__hover=&#8221;null&#8221; button_two_bg_color__hover_enabled=&#8221;off&#8221; button_two_bg_color__hover=&#8221;null&#8221;]<\/p>\n<p style=\"font-size: 26px;\"><strong><br \/>Necessites m\u00e9s informaci\u00f3 o vols demanar cita<\/strong><\/p>\n<p>Professionals amb m\u00e9s de 20 anys d&#8217;experi\u00e8ncia.<\/p>\n<p>[\/et_pb_cta][\/et_pb_column][\/et_pb_row][\/et_pb_section]<\/p>\n","protected":false},"excerpt":{"rendered":"<p>Cas Cl\u00ednic 2: Cas de Jordi, t\u00e8cnica All on Four. Llegeix i descobreix el cas de Jordi en aquest article.<\/p>\n","protected":false},"author":17,"featured_media":6471,"parent":0,"menu_order":0,"comment_status":"closed","ping_status":"closed","template":"","meta":{"_et_pb_use_builder":"on","_et_pb_old_content":"","_et_gb_content_width":"","_uf_show_specific_survey":0,"_uf_disable_surveys":false,"footnotes":""},"class_list":["post-6718","page","type-page","status-publish","has-post-thumbnail","hentry"],"yoast_head":"<!-- This site is optimized with the Yoast SEO plugin v26.7 - https:\/\/yoast.com\/wordpress\/plugins\/seo\/ -->\n<title>Cas Cl\u00ednic 2: T\u00e8cnica All on Four - Institut Implantol\u00f2gic Dental<\/title>\n<meta name=\"description\" content=\"Cas Cl\u00ednic 2: Cas de Jordi, t\u00e8cnica All on Four. Descobreix el cas de Jordi en aquest article.\" \/>\n<meta name=\"robots\" content=\"index, follow, max-snippet:-1, max-image-preview:large, max-video-preview:-1\" \/>\n<link rel=\"canonical\" href=\"https:\/\/inidental.com\/ca\/cas-clinic-2\/\" \/>\n<meta name=\"twitter:label1\" content=\"Temps estimat de lectura\" \/>\n\t<meta name=\"twitter:data1\" content=\"3 minuts\" \/>\n<script type=\"application\/ld+json\" class=\"yoast-schema-graph\">{\"@context\":\"https:\/\/schema.org\",\"@graph\":[{\"@type\":\"WebPage\",\"@id\":\"https:\/\/inidental.com\/ca\/cas-clinic-2\/\",\"url\":\"https:\/\/inidental.com\/ca\/cas-clinic-2\/\",\"name\":\"Cas Cl\u00ednic 2: T\u00e8cnica All on Four - Institut Implantol\u00f2gic Dental\",\"isPartOf\":{\"@id\":\"https:\/\/inidental.com\/#website\"},\"primaryImageOfPage\":{\"@id\":\"https:\/\/inidental.com\/ca\/cas-clinic-2\/#primaryimage\"},\"image\":{\"@id\":\"https:\/\/inidental.com\/ca\/cas-clinic-2\/#primaryimage\"},\"thumbnailUrl\":\"https:\/\/inidental.com\/wp-content\/uploads\/2023\/01\/caso-de-jordi-all-on-four.jpg\",\"datePublished\":\"2023-01-12T08:24:35+00:00\",\"dateModified\":\"2024-03-26T09:36:43+00:00\",\"description\":\"Cas Cl\u00ednic 2: Cas de Jordi, t\u00e8cnica All on Four. Descobreix el cas de Jordi en aquest article.\",\"breadcrumb\":{\"@id\":\"https:\/\/inidental.com\/ca\/cas-clinic-2\/#breadcrumb\"},\"inLanguage\":\"ca\",\"potentialAction\":[{\"@type\":\"ReadAction\",\"target\":[\"https:\/\/inidental.com\/ca\/cas-clinic-2\/\"]}]},{\"@type\":\"ImageObject\",\"inLanguage\":\"ca\",\"@id\":\"https:\/\/inidental.com\/ca\/cas-clinic-2\/#primaryimage\",\"url\":\"https:\/\/inidental.com\/wp-content\/uploads\/2023\/01\/caso-de-jordi-all-on-four.jpg\",\"contentUrl\":\"https:\/\/inidental.com\/wp-content\/uploads\/2023\/01\/caso-de-jordi-all-on-four.jpg\",\"width\":900,\"height\":239,\"caption\":\"Casos cl\u00ednicos: Caso de Jordi t\u00e9cnica All on Four\"},{\"@type\":\"BreadcrumbList\",\"@id\":\"https:\/\/inidental.com\/ca\/cas-clinic-2\/#breadcrumb\",\"itemListElement\":[{\"@type\":\"ListItem\",\"position\":1,\"name\":\"Home\",\"item\":\"https:\/\/inidental.com\/ca\/\"},{\"@type\":\"ListItem\",\"position\":2,\"name\":\"Cas Cl\u00ednic 2: T\u00e8cnica All on Four\"}]},{\"@type\":\"WebSite\",\"@id\":\"https:\/\/inidental.com\/#website\",\"url\":\"https:\/\/inidental.com\/\",\"name\":\"Institut Implantol\u00f2gic Dental\",\"description\":\"Cl\u00ednica dental de confianza\",\"publisher\":{\"@id\":\"https:\/\/inidental.com\/#organization\"},\"potentialAction\":[{\"@type\":\"SearchAction\",\"target\":{\"@type\":\"EntryPoint\",\"urlTemplate\":\"https:\/\/inidental.com\/?s={search_term_string}\"},\"query-input\":{\"@type\":\"PropertyValueSpecification\",\"valueRequired\":true,\"valueName\":\"search_term_string\"}}],\"inLanguage\":\"ca\"},{\"@type\":\"Organization\",\"@id\":\"https:\/\/inidental.com\/#organization\",\"name\":\"Cl\u00ednica Dental Sant Marc\",\"url\":\"https:\/\/inidental.com\/\",\"logo\":{\"@type\":\"ImageObject\",\"inLanguage\":\"ca\",\"@id\":\"https:\/\/inidental.com\/#\/schema\/logo\/image\/\",\"url\":\"https:\/\/inidental.com\/wp-content\/uploads\/2018\/09\/sant-marc-clinica-dental.jpg\",\"contentUrl\":\"https:\/\/inidental.com\/wp-content\/uploads\/2018\/09\/sant-marc-clinica-dental.jpg\",\"width\":512,\"height\":512,\"caption\":\"Cl\u00ednica Dental Sant Marc\"},\"image\":{\"@id\":\"https:\/\/inidental.com\/#\/schema\/logo\/image\/\"}}]}<\/script>\n<!-- \/ Yoast SEO plugin. -->","yoast_head_json":{"title":"Cas Cl\u00ednic 2: T\u00e8cnica All on Four - Institut Implantol\u00f2gic Dental","description":"Cas Cl\u00ednic 2: Cas de Jordi, t\u00e8cnica All on Four. Descobreix el cas de Jordi en aquest article.","robots":{"index":"index","follow":"follow","max-snippet":"max-snippet:-1","max-image-preview":"max-image-preview:large","max-video-preview":"max-video-preview:-1"},"canonical":"https:\/\/inidental.com\/ca\/cas-clinic-2\/","twitter_misc":{"Temps estimat de lectura":"3 minuts"},"schema":{"@context":"https:\/\/schema.org","@graph":[{"@type":"WebPage","@id":"https:\/\/inidental.com\/ca\/cas-clinic-2\/","url":"https:\/\/inidental.com\/ca\/cas-clinic-2\/","name":"Cas Cl\u00ednic 2: T\u00e8cnica All on Four - Institut Implantol\u00f2gic Dental","isPartOf":{"@id":"https:\/\/inidental.com\/#website"},"primaryImageOfPage":{"@id":"https:\/\/inidental.com\/ca\/cas-clinic-2\/#primaryimage"},"image":{"@id":"https:\/\/inidental.com\/ca\/cas-clinic-2\/#primaryimage"},"thumbnailUrl":"https:\/\/inidental.com\/wp-content\/uploads\/2023\/01\/caso-de-jordi-all-on-four.jpg","datePublished":"2023-01-12T08:24:35+00:00","dateModified":"2024-03-26T09:36:43+00:00","description":"Cas Cl\u00ednic 2: Cas de Jordi, t\u00e8cnica All on Four. Descobreix el cas de Jordi en aquest article.","breadcrumb":{"@id":"https:\/\/inidental.com\/ca\/cas-clinic-2\/#breadcrumb"},"inLanguage":"ca","potentialAction":[{"@type":"ReadAction","target":["https:\/\/inidental.com\/ca\/cas-clinic-2\/"]}]},{"@type":"ImageObject","inLanguage":"ca","@id":"https:\/\/inidental.com\/ca\/cas-clinic-2\/#primaryimage","url":"https:\/\/inidental.com\/wp-content\/uploads\/2023\/01\/caso-de-jordi-all-on-four.jpg","contentUrl":"https:\/\/inidental.com\/wp-content\/uploads\/2023\/01\/caso-de-jordi-all-on-four.jpg","width":900,"height":239,"caption":"Casos cl\u00ednicos: Caso de Jordi t\u00e9cnica All on Four"},{"@type":"BreadcrumbList","@id":"https:\/\/inidental.com\/ca\/cas-clinic-2\/#breadcrumb","itemListElement":[{"@type":"ListItem","position":1,"name":"Home","item":"https:\/\/inidental.com\/ca\/"},{"@type":"ListItem","position":2,"name":"Cas Cl\u00ednic 2: T\u00e8cnica All on Four"}]},{"@type":"WebSite","@id":"https:\/\/inidental.com\/#website","url":"https:\/\/inidental.com\/","name":"Institut Implantol\u00f2gic Dental","description":"Cl\u00ednica dental de confianza","publisher":{"@id":"https:\/\/inidental.com\/#organization"},"potentialAction":[{"@type":"SearchAction","target":{"@type":"EntryPoint","urlTemplate":"https:\/\/inidental.com\/?s={search_term_string}"},"query-input":{"@type":"PropertyValueSpecification","valueRequired":true,"valueName":"search_term_string"}}],"inLanguage":"ca"},{"@type":"Organization","@id":"https:\/\/inidental.com\/#organization","name":"Cl\u00ednica Dental Sant Marc","url":"https:\/\/inidental.com\/","logo":{"@type":"ImageObject","inLanguage":"ca","@id":"https:\/\/inidental.com\/#\/schema\/logo\/image\/","url":"https:\/\/inidental.com\/wp-content\/uploads\/2018\/09\/sant-marc-clinica-dental.jpg","contentUrl":"https:\/\/inidental.com\/wp-content\/uploads\/2018\/09\/sant-marc-clinica-dental.jpg","width":512,"height":512,"caption":"Cl\u00ednica Dental Sant Marc"},"image":{"@id":"https:\/\/inidental.com\/#\/schema\/logo\/image\/"}}]}},"_links":{"self":[{"href":"https:\/\/inidental.com\/ca\/wp-json\/wp\/v2\/pages\/6718","targetHints":{"allow":["GET"]}}],"collection":[{"href":"https:\/\/inidental.com\/ca\/wp-json\/wp\/v2\/pages"}],"about":[{"href":"https:\/\/inidental.com\/ca\/wp-json\/wp\/v2\/types\/page"}],"author":[{"embeddable":true,"href":"https:\/\/inidental.com\/ca\/wp-json\/wp\/v2\/users\/17"}],"replies":[{"embeddable":true,"href":"https:\/\/inidental.com\/ca\/wp-json\/wp\/v2\/comments?post=6718"}],"version-history":[{"count":5,"href":"https:\/\/inidental.com\/ca\/wp-json\/wp\/v2\/pages\/6718\/revisions"}],"predecessor-version":[{"id":9073,"href":"https:\/\/inidental.com\/ca\/wp-json\/wp\/v2\/pages\/6718\/revisions\/9073"}],"wp:featuredmedia":[{"embeddable":true,"href":"https:\/\/inidental.com\/ca\/wp-json\/wp\/v2\/media\/6471"}],"wp:attachment":[{"href":"https:\/\/inidental.com\/ca\/wp-json\/wp\/v2\/media?parent=6718"}],"curies":[{"name":"wp","href":"https:\/\/api.w.org\/{rel}","templated":true}]}}