{"id":6734,"date":"2023-01-12T08:52:09","date_gmt":"2023-01-12T08:52:09","guid":{"rendered":"https:\/\/inidental.com\/?page_id=6734"},"modified":"2023-01-12T08:56:13","modified_gmt":"2023-01-12T08:56:13","slug":"cas-clinic-4","status":"publish","type":"page","link":"https:\/\/inidental.com\/ca\/cas-clinic-4\/","title":{"rendered":"Cas cl\u00ednic 4: Implant Strauman"},"content":{"rendered":"<p>[et_pb_section fb_built=&#8221;1&#8243; _builder_version=&#8221;4.17.6&#8243; _module_preset=&#8221;default&#8221; global_colors_info=&#8221;{}&#8221;][et_pb_row _builder_version=&#8221;4.17.6&#8243; _module_preset=&#8221;default&#8221; global_colors_info=&#8221;{}&#8221;][et_pb_column type=&#8221;4_4&#8243; _builder_version=&#8221;4.17.6&#8243; _module_preset=&#8221;default&#8221; global_colors_info=&#8221;{}&#8221;][et_pb_image src=&#8221;https:\/\/inidental.com\/wp-content\/uploads\/2023\/01\/informe-dental.png&#8221; alt=&#8221;Informe dental caso cl\u00ednico&#8221; title_text=&#8221;Informe Dental&#8221; _builder_version=&#8221;4.17.6&#8243; _module_preset=&#8221;default&#8221; width=&#8221;6%&#8221; module_alignment=&#8221;center&#8221; locked=&#8221;off&#8221; global_colors_info=&#8221;{}&#8221;][\/et_pb_image][et_pb_text _builder_version=&#8221;4.17.6&#8243; _module_preset=&#8221;default&#8221; hover_enabled=&#8221;0&#8243; locked=&#8221;off&#8221; global_colors_info=&#8221;{}&#8221; sticky_enabled=&#8221;0&#8243;]<\/p>\n<h1 style=\"text-align: center;\">Cas Cl\u00ednic 4: Col\u00b7locaci\u00f3 d&#8217;un implant Strauman<\/h1>\n<p>[\/et_pb_text][et_pb_divider _builder_version=&#8221;4.17.6&#8243; _module_preset=&#8221;default&#8221; max_width=&#8221;15%&#8221; module_alignment=&#8221;center&#8221; locked=&#8221;off&#8221; global_colors_info=&#8221;{}&#8221;][\/et_pb_divider][et_pb_text _builder_version=&#8221;4.17.6&#8243; _module_preset=&#8221;default&#8221; hover_enabled=&#8221;0&#8243; locked=&#8221;off&#8221; global_colors_info=&#8221;{}&#8221; sticky_enabled=&#8221;0&#8243;]<\/p>\n<p style=\"text-align: center;\">Pacient de 56 anys amb fractura de l&#8217;incisiu superior esquerre (dent 21).<\/p>\n<p>[\/et_pb_text][et_pb_image src=&#8221;https:\/\/inidental.com\/wp-content\/uploads\/2023\/01\/caso-clinico-4-implante-strauman.jpg&#8221; alt=&#8221;Caso cl\u00ednico 4: Caso de Grace colocaci\u00f3n implante Strauman&#8221; title_text=&#8221;Caso de Grace t\u00e9cnica Implante Strauman&#8221; align=&#8221;center&#8221; _builder_version=&#8221;4.17.6&#8243; _module_preset=&#8221;default&#8221; width=&#8221;60%&#8221; locked=&#8221;off&#8221; global_colors_info=&#8221;{}&#8221;][\/et_pb_image][et_pb_text _builder_version=&#8221;4.17.6&#8243; _module_preset=&#8221;default&#8221; hover_enabled=&#8221;0&#8243; global_colors_info=&#8221;{}&#8221; sticky_enabled=&#8221;0&#8243;]<\/p>\n<p style=\"text-align: center;\">En fer radiografia es diagnostica fractura per sota de la geniva i no \u00e9s possible tornar a reconstruir-la.<\/p>\n<p>[\/et_pb_text][et_pb_image src=&#8221;https:\/\/inidental.com\/wp-content\/uploads\/2023\/01\/caso-clinico-4-implante-strauman-2.jpg&#8221; alt=&#8221;Caso cl\u00ednico 4: Caso de Grace colocaci\u00f3n implante Strauman&#8221; title_text=&#8221;Caso de Grace t\u00e9cnica Implante Strauman&#8221; align=&#8221;center&#8221; _builder_version=&#8221;4.17.6&#8243; _module_preset=&#8221;default&#8221; width=&#8221;60%&#8221; locked=&#8221;off&#8221; global_colors_info=&#8221;{}&#8221;][\/et_pb_image][et_pb_text _builder_version=&#8221;4.17.6&#8243; _module_preset=&#8221;default&#8221; hover_enabled=&#8221;0&#8243; global_colors_info=&#8221;{}&#8221; sticky_enabled=&#8221;0&#8243;]<\/p>\n<p style=\"text-align: justify;\">Es decideix amb la pacient fer l&#8217;extracci\u00f3 de la dent 21, la<strong> col\u00b7locaci\u00f3 d&#8217;un implant strauman bone<\/strong> level immediat i la <strong>col\u00b7locaci\u00f3 d&#8217;un empelt d&#8217;os artificial a la mateixa cirurgia<\/strong>. La pacient prefereix no costejar-se una dent provisional, ja que en trobar-nos en pand\u00e8mia per covid porta tot el dia la m\u00e0scara.<\/p>\n<p>[\/et_pb_text][et_pb_image src=&#8221;https:\/\/inidental.com\/wp-content\/uploads\/2023\/01\/caso-clinico-4-implante-strauman-3.jpg&#8221; alt=&#8221;Caso cl\u00ednico 4: Caso de Grace colocaci\u00f3n implante Strauman&#8221; title_text=&#8221;Caso de Grace t\u00e9cnica Implante Strauman&#8221; align=&#8221;center&#8221; _builder_version=&#8221;4.17.6&#8243; _module_preset=&#8221;default&#8221; width=&#8221;60%&#8221; locked=&#8221;off&#8221; global_colors_info=&#8221;{}&#8221;][\/et_pb_image][et_pb_text _builder_version=&#8221;4.17.6&#8243; _module_preset=&#8221;default&#8221; hover_enabled=&#8221;0&#8243; global_colors_info=&#8221;{}&#8221; sticky_enabled=&#8221;0&#8243;]<\/p>\n<p style=\"text-align: justify;\">Despr\u00e9s de 12 setmanes es realitza la corona definitiva i comprovem la perfecta adaptaci\u00f3 de la corona amb les dents adjacents i de la corona amb l&#8217;implant a la radiografia.<\/p>\n<p>[\/et_pb_text][et_pb_image src=&#8221;https:\/\/inidental.com\/wp-content\/uploads\/2023\/01\/caso-clinico-4-implante-strauman-4.jpg&#8221; alt=&#8221;Caso cl\u00ednico 4: Caso de Grace colocaci\u00f3n implante Strauman&#8221; title_text=&#8221;Caso de Grace t\u00e9cnica Implante Strauman&#8221; align=&#8221;center&#8221; _builder_version=&#8221;4.17.6&#8243; _module_preset=&#8221;default&#8221; width=&#8221;60%&#8221; locked=&#8221;off&#8221; global_colors_info=&#8221;{}&#8221;][\/et_pb_image][\/et_pb_column][\/et_pb_row][et_pb_row admin_label=&#8221;Row&#8221; _builder_version=&#8221;4.16&#8243; background_size=&#8221;initial&#8221; background_position=&#8221;top_left&#8221; background_repeat=&#8221;repeat&#8221; locked=&#8221;off&#8221; global_colors_info=&#8221;{}&#8221;][et_pb_column type=&#8221;4_4&#8243; admin_label=&#8221;Column&#8221; _builder_version=&#8221;4.16&#8243; custom_padding=&#8221;|||&#8221; global_colors_info=&#8221;{}&#8221; custom_padding__hover=&#8221;|||&#8221;][et_pb_divider color=&#8221;#dddddd&#8221; _builder_version=&#8221;4.16&#8243; global_colors_info=&#8221;{}&#8221;][\/et_pb_divider][et_pb_cta button_url=&#8221;https:\/\/inidental.com\/ca\/contacto\/&#8221; button_text=&#8221;Demanar cita&#8221; module_class=&#8221;botonFormularioLateral&#8221; _builder_version=&#8221;4.17.6&#8243; header_font=&#8221;|600|||||||&#8221; use_background_color=&#8221;off&#8221; button_icon=&#8221;&#x45;||divi||400&#8243; button_icon_color=&#8221;#ffffff&#8221; button_alignment=&#8221;center&#8221; background_layout=&#8221;light&#8221; hover_enabled=&#8221;0&#8243; z_index_tablet=&#8221;500&#8243; header_text_shadow_horizontal_length_tablet=&#8221;0px&#8221; header_text_shadow_vertical_length_tablet=&#8221;0px&#8221; header_text_shadow_blur_strength_tablet=&#8221;1px&#8221; body_text_shadow_horizontal_length_tablet=&#8221;0px&#8221; body_text_shadow_vertical_length_tablet=&#8221;0px&#8221; body_text_shadow_blur_strength_tablet=&#8221;1px&#8221; body_link_text_shadow_horizontal_length_tablet=&#8221;0px&#8221; body_link_text_shadow_vertical_length_tablet=&#8221;0px&#8221; body_link_text_shadow_blur_strength_tablet=&#8221;1px&#8221; body_ul_text_shadow_horizontal_length_tablet=&#8221;0px&#8221; body_ul_text_shadow_vertical_length_tablet=&#8221;0px&#8221; body_ul_text_shadow_blur_strength_tablet=&#8221;1px&#8221; body_ol_text_shadow_horizontal_length_tablet=&#8221;0px&#8221; body_ol_text_shadow_vertical_length_tablet=&#8221;0px&#8221; body_ol_text_shadow_blur_strength_tablet=&#8221;1px&#8221; body_quote_text_shadow_horizontal_length_tablet=&#8221;0px&#8221; body_quote_text_shadow_vertical_length_tablet=&#8221;0px&#8221; body_quote_text_shadow_blur_strength_tablet=&#8221;1px&#8221; button_text_shadow_horizontal_length_tablet=&#8221;0px&#8221; button_text_shadow_vertical_length_tablet=&#8221;0px&#8221; button_text_shadow_blur_strength_tablet=&#8221;1px&#8221; box_shadow_horizontal_tablet=&#8221;0px&#8221; box_shadow_vertical_tablet=&#8221;0px&#8221; box_shadow_blur_tablet=&#8221;40px&#8221; box_shadow_spread_tablet=&#8221;0px&#8221; box_shadow_horizontal_button_tablet=&#8221;0px&#8221; box_shadow_vertical_button_tablet=&#8221;0px&#8221; box_shadow_blur_button_tablet=&#8221;40px&#8221; box_shadow_spread_button_tablet=&#8221;0px&#8221; text_shadow_horizontal_length_tablet=&#8221;0px&#8221; text_shadow_vertical_length_tablet=&#8221;0px&#8221; text_shadow_blur_strength_tablet=&#8221;1px&#8221; global_colors_info=&#8221;{}&#8221; button_text_size__hover_enabled=&#8221;off&#8221; button_text_size__hover=&#8221;null&#8221; button_one_text_size__hover_enabled=&#8221;off&#8221; button_one_text_size__hover=&#8221;null&#8221; button_two_text_size__hover_enabled=&#8221;off&#8221; button_two_text_size__hover=&#8221;null&#8221; button_text_color__hover_enabled=&#8221;off&#8221; button_text_color__hover=&#8221;null&#8221; button_one_text_color__hover_enabled=&#8221;off&#8221; button_one_text_color__hover=&#8221;null&#8221; button_two_text_color__hover_enabled=&#8221;off&#8221; button_two_text_color__hover=&#8221;null&#8221; button_border_width__hover_enabled=&#8221;off&#8221; button_border_width__hover=&#8221;null&#8221; button_one_border_width__hover_enabled=&#8221;off&#8221; button_one_border_width__hover=&#8221;null&#8221; button_two_border_width__hover_enabled=&#8221;off&#8221; button_two_border_width__hover=&#8221;null&#8221; button_border_color__hover_enabled=&#8221;off&#8221; button_border_color__hover=&#8221;null&#8221; button_one_border_color__hover_enabled=&#8221;off&#8221; button_one_border_color__hover=&#8221;null&#8221; button_two_border_color__hover_enabled=&#8221;off&#8221; button_two_border_color__hover=&#8221;null&#8221; button_border_radius__hover_enabled=&#8221;off&#8221; button_border_radius__hover=&#8221;null&#8221; button_one_border_radius__hover_enabled=&#8221;off&#8221; button_one_border_radius__hover=&#8221;null&#8221; button_two_border_radius__hover_enabled=&#8221;off&#8221; button_two_border_radius__hover=&#8221;null&#8221; button_letter_spacing__hover_enabled=&#8221;off&#8221; button_letter_spacing__hover=&#8221;null&#8221; button_one_letter_spacing__hover_enabled=&#8221;off&#8221; button_one_letter_spacing__hover=&#8221;null&#8221; button_two_letter_spacing__hover_enabled=&#8221;off&#8221; button_two_letter_spacing__hover=&#8221;null&#8221; button_bg_color__hover_enabled=&#8221;off&#8221; button_bg_color__hover=&#8221;null&#8221; button_one_bg_color__hover_enabled=&#8221;off&#8221; button_one_bg_color__hover=&#8221;null&#8221; button_two_bg_color__hover_enabled=&#8221;off&#8221; button_two_bg_color__hover=&#8221;null&#8221; sticky_enabled=&#8221;0&#8243; locked=&#8221;off&#8221;]<\/p>\n<p style=\"font-size: 26px;\"><strong><br \/>Necessites m\u00e9s informaci\u00f3 o vols demanar cita<\/strong><\/p>\n<p>Professionals amb m\u00e9s de 20 anys d&#8217;experi\u00e8ncia.<\/p>\n<p>[\/et_pb_cta][\/et_pb_column][\/et_pb_row][\/et_pb_section]<\/p>\n","protected":false},"excerpt":{"rendered":"<p>Cas Cl\u00ednic 4: Cas de Grace, col\u00b7locaci\u00f3 d&#8217;un implant Strauman. Fes una ullada i descobreix el cas de Grace en aquest article.<\/p>\n","protected":false},"author":17,"featured_media":6520,"parent":0,"menu_order":0,"comment_status":"closed","ping_status":"closed","template":"","meta":{"_et_pb_use_builder":"on","_et_pb_old_content":"","_et_gb_content_width":"","_uf_show_specific_survey":0,"_uf_disable_surveys":false,"footnotes":""},"class_list":["post-6734","page","type-page","status-publish","has-post-thumbnail","hentry"],"yoast_head":"<!-- This site is optimized with the Yoast SEO plugin v27.4 - https:\/\/yoast.com\/product\/yoast-seo-wordpress\/ -->\n<title>Cas cl\u00ednic 4: Implant Strauman - Institut Implantol\u00f2gic Dental<\/title>\n<meta name=\"description\" content=\"Cas Cl\u00ednic 4: Cas de Grace, col\u00b7locaci\u00f3 d&#039;un implant Strauman. Fes una ullada i descobreix el cas de Grace en aquest article.\" \/>\n<meta name=\"robots\" content=\"index, follow, max-snippet:-1, max-image-preview:large, max-video-preview:-1\" \/>\n<link rel=\"canonical\" href=\"https:\/\/inidental.com\/ca\/cas-clinic-4\/\" \/>\n<meta name=\"twitter:label1\" content=\"Temps estimat de lectura\" \/>\n\t<meta name=\"twitter:data1\" content=\"2 minuts\" \/>\n<script type=\"application\/ld+json\" class=\"yoast-schema-graph\">{\"@context\":\"https:\\\/\\\/schema.org\",\"@graph\":[{\"@type\":\"WebPage\",\"@id\":\"https:\\\/\\\/inidental.com\\\/ca\\\/cas-clinic-4\\\/\",\"url\":\"https:\\\/\\\/inidental.com\\\/ca\\\/cas-clinic-4\\\/\",\"name\":\"Cas cl\u00ednic 4: Implant Strauman - Institut Implantol\u00f2gic Dental\",\"isPartOf\":{\"@id\":\"https:\\\/\\\/inidental.com\\\/#website\"},\"primaryImageOfPage\":{\"@id\":\"https:\\\/\\\/inidental.com\\\/ca\\\/cas-clinic-4\\\/#primaryimage\"},\"image\":{\"@id\":\"https:\\\/\\\/inidental.com\\\/ca\\\/cas-clinic-4\\\/#primaryimage\"},\"thumbnailUrl\":\"https:\\\/\\\/inidental.com\\\/wp-content\\\/uploads\\\/2023\\\/01\\\/caso-grace-implante-strauman.jpg\",\"datePublished\":\"2023-01-12T08:52:09+00:00\",\"dateModified\":\"2023-01-12T08:56:13+00:00\",\"description\":\"Cas Cl\u00ednic 4: Cas de Grace, col\u00b7locaci\u00f3 d'un implant Strauman. Fes una ullada i descobreix el cas de Grace en aquest article.\",\"breadcrumb\":{\"@id\":\"https:\\\/\\\/inidental.com\\\/ca\\\/cas-clinic-4\\\/#breadcrumb\"},\"inLanguage\":\"ca\",\"potentialAction\":[{\"@type\":\"ReadAction\",\"target\":[\"https:\\\/\\\/inidental.com\\\/ca\\\/cas-clinic-4\\\/\"]}]},{\"@type\":\"ImageObject\",\"inLanguage\":\"ca\",\"@id\":\"https:\\\/\\\/inidental.com\\\/ca\\\/cas-clinic-4\\\/#primaryimage\",\"url\":\"https:\\\/\\\/inidental.com\\\/wp-content\\\/uploads\\\/2023\\\/01\\\/caso-grace-implante-strauman.jpg\",\"contentUrl\":\"https:\\\/\\\/inidental.com\\\/wp-content\\\/uploads\\\/2023\\\/01\\\/caso-grace-implante-strauman.jpg\",\"width\":900,\"height\":213,\"caption\":\"Casos cl\u00ednicos: Caso de Grace Implante Strauman\"},{\"@type\":\"BreadcrumbList\",\"@id\":\"https:\\\/\\\/inidental.com\\\/ca\\\/cas-clinic-4\\\/#breadcrumb\",\"itemListElement\":[{\"@type\":\"ListItem\",\"position\":1,\"name\":\"Home\",\"item\":\"https:\\\/\\\/inidental.com\\\/ca\\\/\"},{\"@type\":\"ListItem\",\"position\":2,\"name\":\"Cas cl\u00ednic 4: Implant Strauman\"}]},{\"@type\":\"WebSite\",\"@id\":\"https:\\\/\\\/inidental.com\\\/#website\",\"url\":\"https:\\\/\\\/inidental.com\\\/\",\"name\":\"Institut Implantol\u00f2gic Dental\",\"description\":\"Cl\u00ednica dental de confianza\",\"publisher\":{\"@id\":\"https:\\\/\\\/inidental.com\\\/#organization\"},\"potentialAction\":[{\"@type\":\"SearchAction\",\"target\":{\"@type\":\"EntryPoint\",\"urlTemplate\":\"https:\\\/\\\/inidental.com\\\/?s={search_term_string}\"},\"query-input\":{\"@type\":\"PropertyValueSpecification\",\"valueRequired\":true,\"valueName\":\"search_term_string\"}}],\"inLanguage\":\"ca\"},{\"@type\":\"Organization\",\"@id\":\"https:\\\/\\\/inidental.com\\\/#organization\",\"name\":\"Cl\u00ednica Dental Sant Marc\",\"url\":\"https:\\\/\\\/inidental.com\\\/\",\"logo\":{\"@type\":\"ImageObject\",\"inLanguage\":\"ca\",\"@id\":\"https:\\\/\\\/inidental.com\\\/#\\\/schema\\\/logo\\\/image\\\/\",\"url\":\"https:\\\/\\\/inidental.com\\\/wp-content\\\/uploads\\\/2018\\\/09\\\/sant-marc-clinica-dental.jpg\",\"contentUrl\":\"https:\\\/\\\/inidental.com\\\/wp-content\\\/uploads\\\/2018\\\/09\\\/sant-marc-clinica-dental.jpg\",\"width\":512,\"height\":512,\"caption\":\"Cl\u00ednica Dental Sant Marc\"},\"image\":{\"@id\":\"https:\\\/\\\/inidental.com\\\/#\\\/schema\\\/logo\\\/image\\\/\"}}]}<\/script>\n<!-- \/ Yoast SEO plugin. -->","yoast_head_json":{"title":"Cas cl\u00ednic 4: Implant Strauman - Institut Implantol\u00f2gic Dental","description":"Cas Cl\u00ednic 4: Cas de Grace, col\u00b7locaci\u00f3 d'un implant Strauman. Fes una ullada i descobreix el cas de Grace en aquest article.","robots":{"index":"index","follow":"follow","max-snippet":"max-snippet:-1","max-image-preview":"max-image-preview:large","max-video-preview":"max-video-preview:-1"},"canonical":"https:\/\/inidental.com\/ca\/cas-clinic-4\/","twitter_misc":{"Temps estimat de lectura":"2 minuts"},"schema":{"@context":"https:\/\/schema.org","@graph":[{"@type":"WebPage","@id":"https:\/\/inidental.com\/ca\/cas-clinic-4\/","url":"https:\/\/inidental.com\/ca\/cas-clinic-4\/","name":"Cas cl\u00ednic 4: Implant Strauman - Institut Implantol\u00f2gic Dental","isPartOf":{"@id":"https:\/\/inidental.com\/#website"},"primaryImageOfPage":{"@id":"https:\/\/inidental.com\/ca\/cas-clinic-4\/#primaryimage"},"image":{"@id":"https:\/\/inidental.com\/ca\/cas-clinic-4\/#primaryimage"},"thumbnailUrl":"https:\/\/inidental.com\/wp-content\/uploads\/2023\/01\/caso-grace-implante-strauman.jpg","datePublished":"2023-01-12T08:52:09+00:00","dateModified":"2023-01-12T08:56:13+00:00","description":"Cas Cl\u00ednic 4: Cas de Grace, col\u00b7locaci\u00f3 d'un implant Strauman. Fes una ullada i descobreix el cas de Grace en aquest article.","breadcrumb":{"@id":"https:\/\/inidental.com\/ca\/cas-clinic-4\/#breadcrumb"},"inLanguage":"ca","potentialAction":[{"@type":"ReadAction","target":["https:\/\/inidental.com\/ca\/cas-clinic-4\/"]}]},{"@type":"ImageObject","inLanguage":"ca","@id":"https:\/\/inidental.com\/ca\/cas-clinic-4\/#primaryimage","url":"https:\/\/inidental.com\/wp-content\/uploads\/2023\/01\/caso-grace-implante-strauman.jpg","contentUrl":"https:\/\/inidental.com\/wp-content\/uploads\/2023\/01\/caso-grace-implante-strauman.jpg","width":900,"height":213,"caption":"Casos cl\u00ednicos: Caso de Grace Implante Strauman"},{"@type":"BreadcrumbList","@id":"https:\/\/inidental.com\/ca\/cas-clinic-4\/#breadcrumb","itemListElement":[{"@type":"ListItem","position":1,"name":"Home","item":"https:\/\/inidental.com\/ca\/"},{"@type":"ListItem","position":2,"name":"Cas cl\u00ednic 4: Implant Strauman"}]},{"@type":"WebSite","@id":"https:\/\/inidental.com\/#website","url":"https:\/\/inidental.com\/","name":"Institut Implantol\u00f2gic Dental","description":"Cl\u00ednica dental de confianza","publisher":{"@id":"https:\/\/inidental.com\/#organization"},"potentialAction":[{"@type":"SearchAction","target":{"@type":"EntryPoint","urlTemplate":"https:\/\/inidental.com\/?s={search_term_string}"},"query-input":{"@type":"PropertyValueSpecification","valueRequired":true,"valueName":"search_term_string"}}],"inLanguage":"ca"},{"@type":"Organization","@id":"https:\/\/inidental.com\/#organization","name":"Cl\u00ednica Dental Sant Marc","url":"https:\/\/inidental.com\/","logo":{"@type":"ImageObject","inLanguage":"ca","@id":"https:\/\/inidental.com\/#\/schema\/logo\/image\/","url":"https:\/\/inidental.com\/wp-content\/uploads\/2018\/09\/sant-marc-clinica-dental.jpg","contentUrl":"https:\/\/inidental.com\/wp-content\/uploads\/2018\/09\/sant-marc-clinica-dental.jpg","width":512,"height":512,"caption":"Cl\u00ednica Dental Sant Marc"},"image":{"@id":"https:\/\/inidental.com\/#\/schema\/logo\/image\/"}}]}},"_links":{"self":[{"href":"https:\/\/inidental.com\/ca\/wp-json\/wp\/v2\/pages\/6734","targetHints":{"allow":["GET"]}}],"collection":[{"href":"https:\/\/inidental.com\/ca\/wp-json\/wp\/v2\/pages"}],"about":[{"href":"https:\/\/inidental.com\/ca\/wp-json\/wp\/v2\/types\/page"}],"author":[{"embeddable":true,"href":"https:\/\/inidental.com\/ca\/wp-json\/wp\/v2\/users\/17"}],"replies":[{"embeddable":true,"href":"https:\/\/inidental.com\/ca\/wp-json\/wp\/v2\/comments?post=6734"}],"version-history":[{"count":3,"href":"https:\/\/inidental.com\/ca\/wp-json\/wp\/v2\/pages\/6734\/revisions"}],"predecessor-version":[{"id":6737,"href":"https:\/\/inidental.com\/ca\/wp-json\/wp\/v2\/pages\/6734\/revisions\/6737"}],"wp:featuredmedia":[{"embeddable":true,"href":"https:\/\/inidental.com\/ca\/wp-json\/wp\/v2\/media\/6520"}],"wp:attachment":[{"href":"https:\/\/inidental.com\/ca\/wp-json\/wp\/v2\/media?parent=6734"}],"curies":[{"name":"wp","href":"https:\/\/api.w.org\/{rel}","templated":true}]}}