{"id":8194,"date":"2023-11-10T09:01:40","date_gmt":"2023-11-10T09:01:40","guid":{"rendered":"https:\/\/inidental.com\/?page_id=8194"},"modified":"2024-01-25T11:58:18","modified_gmt":"2024-01-25T11:58:18","slug":"cas-clinic-15","status":"publish","type":"page","link":"https:\/\/inidental.com\/ca\/cas-clinic-15\/","title":{"rendered":"Cas Cl\u00ednic 15: Aplicaci\u00f3 de \u00c0cid Hialur\u00f2nic"},"content":{"rendered":"<p>[et_pb_section fb_built=&#8221;1&#8243; _builder_version=&#8221;4.17.6&#8243; _module_preset=&#8221;default&#8221; locked=&#8221;off&#8221; global_colors_info=&#8221;{}&#8221;][et_pb_row _builder_version=&#8221;4.17.6&#8243; _module_preset=&#8221;default&#8221; global_colors_info=&#8221;{}&#8221;][et_pb_column type=&#8221;4_4&#8243; _builder_version=&#8221;4.17.6&#8243; _module_preset=&#8221;default&#8221; global_colors_info=&#8221;{}&#8221;][et_pb_image src=&#8221;https:\/\/inidental.com\/wp-content\/uploads\/2023\/01\/informe-dental.png&#8221; alt=&#8221;Informe dental caso cl\u00ednico&#8221; title_text=&#8221;Informe Dental&#8221; align=&#8221;center&#8221; _builder_version=&#8221;4.21.0&#8243; _module_preset=&#8221;default&#8221; width=&#8221;6%&#8221; global_colors_info=&#8221;{}&#8221;][\/et_pb_image][et_pb_text _builder_version=&#8221;4.21.0&#8243; _module_preset=&#8221;default&#8221; global_colors_info=&#8221;{}&#8221;]<\/p>\n<h1 style=\"text-align: center;\">Cas Cl\u00ednic 15: Aplicaci\u00f3 \u00e0cid hialur\u00f2nic<\/h1>\n<p>[\/et_pb_text][et_pb_divider _builder_version=&#8221;4.17.6&#8243; _module_preset=&#8221;default&#8221; max_width=&#8221;15%&#8221; module_alignment=&#8221;center&#8221; global_colors_info=&#8221;{}&#8221;][\/et_pb_divider][et_pb_text _builder_version=&#8221;4.21.0&#8243; _module_preset=&#8221;default&#8221; global_colors_info=&#8221;{}&#8221;]<\/p>\n<p style=\"text-align: center;\"><em>Delia va a la consulta per realitzar-se una remodelaci\u00f3 i hidratar de manera natural els seus llavis. <\/em><\/p>\n<p>[\/et_pb_text][et_pb_image src=&#8221;https:\/\/inidental.com\/wp-content\/uploads\/2023\/11\/IMG_3813-5.jpeg&#8221; alt=&#8221;Delia antes&#8221; title_text=&#8221;IMG_3813 (5)&#8221; align=&#8221;center&#8221; _builder_version=&#8221;4.21.0&#8243; _module_preset=&#8221;default&#8221; width=&#8221;60%&#8221; global_colors_info=&#8221;{}&#8221;][\/et_pb_image][et_pb_image src=&#8221;https:\/\/inidental.com\/wp-content\/uploads\/2023\/11\/IMG_4234-5.jpeg&#8221; alt=&#8221;Delia desp\u00faes&#8221; title_text=&#8221;IMG_4234 (5)&#8221; align=&#8221;center&#8221; _builder_version=&#8221;4.21.0&#8243; _module_preset=&#8221;default&#8221; width=&#8221;60%&#8221; global_colors_info=&#8221;{}&#8221;][\/et_pb_image][et_pb_text _builder_version=&#8221;4.21.0&#8243; _module_preset=&#8221;default&#8221; global_colors_info=&#8221;{}&#8221;]<\/p>\n<p style=\"text-align: justify;\"><span><br \/>\nDespr\u00e9s de fer un estudi anat\u00f2mic i funcional de la Delia decidim potenciar la seva bellesa aumentant i perfilant els seus llavis amb \u00e0cid hialur\u00f2nic. El tractament amb \u00e0cid hialur\u00f2nic per als llavis \u00e9s indolor i d\u2019efecte immediat i de llarga durada, est\u00e0 recomanat a les persones que  vulguin millorar el volum i projecci\u00f3 labial, aix\u00ed com elevar les comisures, definir l\u2019arc de cupido i corretgir les arrugues de la zona del llavi superior coneguda com \u201cel codi de barres\u201d.<\/p>\n<p><\/span><\/p>\n<p>[\/et_pb_text][\/et_pb_column][\/et_pb_row][et_pb_row admin_label=&#8221;Row&#8221; _builder_version=&#8221;4.16&#8243; background_size=&#8221;initial&#8221; background_position=&#8221;top_left&#8221; background_repeat=&#8221;repeat&#8221; locked=&#8221;off&#8221; global_colors_info=&#8221;{}&#8221;][et_pb_column type=&#8221;4_4&#8243; admin_label=&#8221;Column&#8221; _builder_version=&#8221;4.16&#8243; custom_padding=&#8221;|||&#8221; global_colors_info=&#8221;{}&#8221; custom_padding__hover=&#8221;|||&#8221;][et_pb_divider color=&#8221;#dddddd&#8221; _builder_version=&#8221;4.16&#8243; global_colors_info=&#8221;{}&#8221;][\/et_pb_divider][et_pb_cta button_url=&#8221;https:\/\/inidental.com\/ca\/contacto\/&#8221; button_text=&#8221;Pedir cita&#8221; module_class=&#8221;botonFormularioLateral&#8221; _builder_version=&#8221;4.21.0&#8243; header_font=&#8221;|600|||||||&#8221; use_background_color=&#8221;off&#8221; button_icon=&#8221;&#x45;||divi||400&#8243; button_icon_color=&#8221;#ffffff&#8221; button_alignment=&#8221;center&#8221; background_layout=&#8221;light&#8221; hover_enabled=&#8221;0&#8243; z_index_tablet=&#8221;500&#8243; header_text_shadow_horizontal_length_tablet=&#8221;0px&#8221; header_text_shadow_vertical_length_tablet=&#8221;0px&#8221; header_text_shadow_blur_strength_tablet=&#8221;1px&#8221; body_text_shadow_horizontal_length_tablet=&#8221;0px&#8221; body_text_shadow_vertical_length_tablet=&#8221;0px&#8221; body_text_shadow_blur_strength_tablet=&#8221;1px&#8221; body_link_text_shadow_horizontal_length_tablet=&#8221;0px&#8221; body_link_text_shadow_vertical_length_tablet=&#8221;0px&#8221; body_link_text_shadow_blur_strength_tablet=&#8221;1px&#8221; body_ul_text_shadow_horizontal_length_tablet=&#8221;0px&#8221; body_ul_text_shadow_vertical_length_tablet=&#8221;0px&#8221; body_ul_text_shadow_blur_strength_tablet=&#8221;1px&#8221; body_ol_text_shadow_horizontal_length_tablet=&#8221;0px&#8221; body_ol_text_shadow_vertical_length_tablet=&#8221;0px&#8221; body_ol_text_shadow_blur_strength_tablet=&#8221;1px&#8221; body_quote_text_shadow_horizontal_length_tablet=&#8221;0px&#8221; body_quote_text_shadow_vertical_length_tablet=&#8221;0px&#8221; body_quote_text_shadow_blur_strength_tablet=&#8221;1px&#8221; button_text_shadow_horizontal_length_tablet=&#8221;0px&#8221; button_text_shadow_vertical_length_tablet=&#8221;0px&#8221; button_text_shadow_blur_strength_tablet=&#8221;1px&#8221; box_shadow_horizontal_tablet=&#8221;0px&#8221; box_shadow_vertical_tablet=&#8221;0px&#8221; box_shadow_blur_tablet=&#8221;40px&#8221; box_shadow_spread_tablet=&#8221;0px&#8221; box_shadow_horizontal_button_tablet=&#8221;0px&#8221; box_shadow_vertical_button_tablet=&#8221;0px&#8221; box_shadow_blur_button_tablet=&#8221;40px&#8221; box_shadow_spread_button_tablet=&#8221;0px&#8221; text_shadow_horizontal_length_tablet=&#8221;0px&#8221; text_shadow_vertical_length_tablet=&#8221;0px&#8221; text_shadow_blur_strength_tablet=&#8221;1px&#8221; global_colors_info=&#8221;{}&#8221; button_text_size__hover_enabled=&#8221;off&#8221; button_text_size__hover=&#8221;null&#8221; button_one_text_size__hover_enabled=&#8221;off&#8221; button_one_text_size__hover=&#8221;null&#8221; button_two_text_size__hover_enabled=&#8221;off&#8221; button_two_text_size__hover=&#8221;null&#8221; button_text_color__hover_enabled=&#8221;off&#8221; button_text_color__hover=&#8221;null&#8221; button_one_text_color__hover_enabled=&#8221;off&#8221; button_one_text_color__hover=&#8221;null&#8221; button_two_text_color__hover_enabled=&#8221;off&#8221; button_two_text_color__hover=&#8221;null&#8221; button_border_width__hover_enabled=&#8221;off&#8221; button_border_width__hover=&#8221;null&#8221; button_one_border_width__hover_enabled=&#8221;off&#8221; button_one_border_width__hover=&#8221;null&#8221; button_two_border_width__hover_enabled=&#8221;off&#8221; button_two_border_width__hover=&#8221;null&#8221; button_border_color__hover_enabled=&#8221;off&#8221; button_border_color__hover=&#8221;null&#8221; button_one_border_color__hover_enabled=&#8221;off&#8221; button_one_border_color__hover=&#8221;null&#8221; button_two_border_color__hover_enabled=&#8221;off&#8221; button_two_border_color__hover=&#8221;null&#8221; button_border_radius__hover_enabled=&#8221;off&#8221; button_border_radius__hover=&#8221;null&#8221; button_one_border_radius__hover_enabled=&#8221;off&#8221; button_one_border_radius__hover=&#8221;null&#8221; button_two_border_radius__hover_enabled=&#8221;off&#8221; button_two_border_radius__hover=&#8221;null&#8221; button_letter_spacing__hover_enabled=&#8221;off&#8221; button_letter_spacing__hover=&#8221;null&#8221; button_one_letter_spacing__hover_enabled=&#8221;off&#8221; button_one_letter_spacing__hover=&#8221;null&#8221; button_two_letter_spacing__hover_enabled=&#8221;off&#8221; button_two_letter_spacing__hover=&#8221;null&#8221; button_bg_color__hover_enabled=&#8221;off&#8221; button_bg_color__hover=&#8221;null&#8221; button_one_bg_color__hover_enabled=&#8221;off&#8221; button_one_bg_color__hover=&#8221;null&#8221; button_two_bg_color__hover_enabled=&#8221;off&#8221; button_two_bg_color__hover=&#8221;null&#8221; sticky_enabled=&#8221;0&#8243;]<\/p>\n<p style=\"font-size: 26px;\"><strong><br \/>Necessites m\u00e9s informaci\u00f3 o vols demanar cita<\/strong><\/p>\n<p>Professionals amb m\u00e9s de 20 anys d\u2019experi\u00e8ncia.<\/p>\n<p>[\/et_pb_cta][\/et_pb_column][\/et_pb_row][\/et_pb_section]<\/p>\n","protected":false},"excerpt":{"rendered":"<p>Cas Cl\u00ednic 15: Aplicaci\u00f3 \u00e0cid hialur\u00f2nicDelia va a la consulta per realitzar-se una remodelaci\u00f3 i hidratar de manera natural els seus llavis. Despr\u00e9s de fer un estudi anat\u00f2mic i funcional de la Delia decidim potenciar la seva bellesa aumentant i perfilant els seus llavis amb \u00e0cid hialur\u00f2nic. El tractament amb \u00e0cid hialur\u00f2nic per als llavis [&hellip;]<\/p>\n","protected":false},"author":3,"featured_media":0,"parent":0,"menu_order":0,"comment_status":"closed","ping_status":"closed","template":"","meta":{"_et_pb_use_builder":"on","_et_pb_old_content":"[et_pb_section fb_built=\"1\" _builder_version=\"4.17.6\" _module_preset=\"default\" locked=\"off\" global_colors_info=\"{}\"][et_pb_row _builder_version=\"4.17.6\" _module_preset=\"default\" global_colors_info=\"{}\"][et_pb_column type=\"4_4\" _builder_version=\"4.17.6\" _module_preset=\"default\" global_colors_info=\"{}\"][et_pb_image src=\"https:\/\/inidental.com\/wp-content\/uploads\/2023\/01\/informe-dental.png\" alt=\"Informe dental caso cl\u00ednico\" title_text=\"Informe Dental\" align=\"center\" _builder_version=\"4.21.0\" _module_preset=\"default\" width=\"6%\" global_colors_info=\"{}\"][\/et_pb_image][et_pb_text _builder_version=\"4.21.0\" _module_preset=\"default\" global_colors_info=\"{}\"]<h1 style=\"text-align: center;\">Caso Cl\u00ednico 14: Aplicaci\u00f3n \u00e1cido hialur\u00f3nico<\/h1>[\/et_pb_text][et_pb_divider _builder_version=\"4.17.6\" _module_preset=\"default\" max_width=\"15%\" module_alignment=\"center\" global_colors_info=\"{}\"][\/et_pb_divider][et_pb_text _builder_version=\"4.21.0\" _module_preset=\"default\" global_colors_info=\"{}\"]<p style=\"text-align: center;\"><em>Delia acude a la consulta para realizarse una remodelaci\u00f3n e hidratarse de manera natural sus labios. <\/em><\/p>[\/et_pb_text][et_pb_image src=\"https:\/\/inidental.com\/wp-content\/uploads\/2023\/11\/IMG_3813-5.jpeg\" alt=\"Delia antes\" title_text=\"IMG_3813 (5)\" align=\"center\" _builder_version=\"4.21.0\" _module_preset=\"default\" width=\"60%\" global_colors_info=\"{}\"][\/et_pb_image][et_pb_image src=\"https:\/\/inidental.com\/wp-content\/uploads\/2023\/11\/IMG_4234-5.jpeg\" alt=\"Delia desp\u00faes\" title_text=\"IMG_4234 (5)\" align=\"center\" _builder_version=\"4.21.0\" _module_preset=\"default\" width=\"60%\" global_colors_info=\"{}\"][\/et_pb_image][et_pb_text _builder_version=\"4.21.0\" _module_preset=\"default\" global_colors_info=\"{}\"]<p style=\"text-align: justify;\"><span>\r\nDespu\u00e9s de realizar un estudio anat\u00f3mico y funcional de Delia, decidimos realzar su belleza aumentando y perfilando sus labios con \u00e1cido hialur\u00f3nico. El tratamiento con \u00e1cido hialur\u00f3nico para los labios es indoloro y de efecto inmediato y duradero. Est\u00e1 recomendado para aquellas personas que deseen mejorar el volumen y la proyecci\u00f3n labial, as\u00ed como elevar las comisuras, definir el arco de Cupido y corregir las arrugas en la zona del labio superior conocida como \"c\u00f3digo de barras\".<\/span><\/p>[\/et_pb_text][\/et_pb_column][\/et_pb_row][et_pb_row admin_label=\"Row\" _builder_version=\"4.16\" background_size=\"initial\" background_position=\"top_left\" background_repeat=\"repeat\" locked=\"off\" global_colors_info=\"{}\"][et_pb_column type=\"4_4\" admin_label=\"Column\" _builder_version=\"4.16\" custom_padding=\"|||\" global_colors_info=\"{}\" custom_padding__hover=\"|||\"][et_pb_divider color=\"#dddddd\" _builder_version=\"4.16\" global_colors_info=\"{}\"][\/et_pb_divider][et_pb_cta button_url=\"https:\/\/inidental.com\/contacto\/\" button_text=\"Pedir cita\" module_class=\"botonFormularioLateral\" _builder_version=\"4.17.6\" header_font=\"|600|||||||\" use_background_color=\"off\" button_icon=\"E||divi||400\" button_icon_color=\"#ffffff\" button_alignment=\"center\" background_layout=\"light\" z_index_tablet=\"500\" header_text_shadow_horizontal_length_tablet=\"0px\" header_text_shadow_vertical_length_tablet=\"0px\" header_text_shadow_blur_strength_tablet=\"1px\" body_text_shadow_horizontal_length_tablet=\"0px\" body_text_shadow_vertical_length_tablet=\"0px\" body_text_shadow_blur_strength_tablet=\"1px\" body_link_text_shadow_horizontal_length_tablet=\"0px\" body_link_text_shadow_vertical_length_tablet=\"0px\" body_link_text_shadow_blur_strength_tablet=\"1px\" body_ul_text_shadow_horizontal_length_tablet=\"0px\" body_ul_text_shadow_vertical_length_tablet=\"0px\" body_ul_text_shadow_blur_strength_tablet=\"1px\" body_ol_text_shadow_horizontal_length_tablet=\"0px\" body_ol_text_shadow_vertical_length_tablet=\"0px\" body_ol_text_shadow_blur_strength_tablet=\"1px\" body_quote_text_shadow_horizontal_length_tablet=\"0px\" body_quote_text_shadow_vertical_length_tablet=\"0px\" body_quote_text_shadow_blur_strength_tablet=\"1px\" button_text_shadow_horizontal_length_tablet=\"0px\" button_text_shadow_vertical_length_tablet=\"0px\" button_text_shadow_blur_strength_tablet=\"1px\" box_shadow_horizontal_tablet=\"0px\" box_shadow_vertical_tablet=\"0px\" box_shadow_blur_tablet=\"40px\" box_shadow_spread_tablet=\"0px\" box_shadow_horizontal_button_tablet=\"0px\" box_shadow_vertical_button_tablet=\"0px\" box_shadow_blur_button_tablet=\"40px\" box_shadow_spread_button_tablet=\"0px\" text_shadow_horizontal_length_tablet=\"0px\" text_shadow_vertical_length_tablet=\"0px\" text_shadow_blur_strength_tablet=\"1px\" global_colors_info=\"{}\" button_text_size__hover_enabled=\"off\" button_text_size__hover=\"null\" button_one_text_size__hover_enabled=\"off\" button_one_text_size__hover=\"null\" button_two_text_size__hover_enabled=\"off\" button_two_text_size__hover=\"null\" button_text_color__hover_enabled=\"off\" button_text_color__hover=\"null\" button_one_text_color__hover_enabled=\"off\" button_one_text_color__hover=\"null\" button_two_text_color__hover_enabled=\"off\" button_two_text_color__hover=\"null\" button_border_width__hover_enabled=\"off\" button_border_width__hover=\"null\" button_one_border_width__hover_enabled=\"off\" button_one_border_width__hover=\"null\" button_two_border_width__hover_enabled=\"off\" button_two_border_width__hover=\"null\" button_border_color__hover_enabled=\"off\" button_border_color__hover=\"null\" button_one_border_color__hover_enabled=\"off\" button_one_border_color__hover=\"null\" button_two_border_color__hover_enabled=\"off\" button_two_border_color__hover=\"null\" button_border_radius__hover_enabled=\"off\" button_border_radius__hover=\"null\" button_one_border_radius__hover_enabled=\"off\" button_one_border_radius__hover=\"null\" button_two_border_radius__hover_enabled=\"off\" button_two_border_radius__hover=\"null\" button_letter_spacing__hover_enabled=\"off\" button_letter_spacing__hover=\"null\" button_one_letter_spacing__hover_enabled=\"off\" button_one_letter_spacing__hover=\"null\" button_two_letter_spacing__hover_enabled=\"off\" button_two_letter_spacing__hover=\"null\" button_bg_color__hover_enabled=\"off\" button_bg_color__hover=\"null\" button_one_bg_color__hover_enabled=\"off\" button_one_bg_color__hover=\"null\" button_two_bg_color__hover_enabled=\"off\" button_two_bg_color__hover=\"null\"]<p style=\"font-size: 26px;\"><strong><br \/>Necesitas m\u00e1s informaci\u00f3n o quieres pedir cita<\/strong><\/p>\r\n<p>Profesionales con m\u00e1s de 20 a\u00f1os de experiencia.<\/p>\r\n[\/et_pb_cta][\/et_pb_column][\/et_pb_row][\/et_pb_section]","_et_gb_content_width":"","_uf_show_specific_survey":0,"_uf_disable_surveys":false,"footnotes":""},"class_list":["post-8194","page","type-page","status-publish","hentry"],"yoast_head":"<!-- This site is optimized with the Yoast SEO plugin v26.7 - https:\/\/yoast.com\/wordpress\/plugins\/seo\/ -->\n<title>Cas Cl\u00ednic 15: Aplicaci\u00f3 de \u00c0cid Hialur\u00f2nic - Institut Implantol\u00f2gic Dental<\/title>\n<meta name=\"description\" content=\"Renvovaci\u00f3 facial amb \u00e0cid hialur\u00f2nic: el cas real de Delia revela una transformaci\u00f3 sorprenent. Descobreix la bellesa natural ara.\" \/>\n<meta name=\"robots\" content=\"index, follow, max-snippet:-1, max-image-preview:large, max-video-preview:-1\" \/>\n<link rel=\"canonical\" href=\"https:\/\/inidental.com\/ca\/cas-clinic-15\/\" \/>\n<meta name=\"twitter:label1\" content=\"Temps estimat de lectura\" \/>\n\t<meta name=\"twitter:data1\" content=\"2 minuts\" \/>\n<script type=\"application\/ld+json\" class=\"yoast-schema-graph\">{\"@context\":\"https:\/\/schema.org\",\"@graph\":[{\"@type\":\"WebPage\",\"@id\":\"https:\/\/inidental.com\/ca\/cas-clinic-15\/\",\"url\":\"https:\/\/inidental.com\/ca\/cas-clinic-15\/\",\"name\":\"Cas Cl\u00ednic 15: Aplicaci\u00f3 de \u00c0cid Hialur\u00f2nic - Institut Implantol\u00f2gic Dental\",\"isPartOf\":{\"@id\":\"https:\/\/inidental.com\/#website\"},\"datePublished\":\"2023-11-10T09:01:40+00:00\",\"dateModified\":\"2024-01-25T11:58:18+00:00\",\"description\":\"Renvovaci\u00f3 facial amb \u00e0cid hialur\u00f2nic: el cas real de Delia revela una transformaci\u00f3 sorprenent. Descobreix la bellesa natural ara.\",\"breadcrumb\":{\"@id\":\"https:\/\/inidental.com\/ca\/cas-clinic-15\/#breadcrumb\"},\"inLanguage\":\"ca\",\"potentialAction\":[{\"@type\":\"ReadAction\",\"target\":[\"https:\/\/inidental.com\/ca\/cas-clinic-15\/\"]}]},{\"@type\":\"BreadcrumbList\",\"@id\":\"https:\/\/inidental.com\/ca\/cas-clinic-15\/#breadcrumb\",\"itemListElement\":[{\"@type\":\"ListItem\",\"position\":1,\"name\":\"Home\",\"item\":\"https:\/\/inidental.com\/ca\/\"},{\"@type\":\"ListItem\",\"position\":2,\"name\":\"Cas Cl\u00ednic 15: Aplicaci\u00f3 de \u00c0cid Hialur\u00f2nic\"}]},{\"@type\":\"WebSite\",\"@id\":\"https:\/\/inidental.com\/#website\",\"url\":\"https:\/\/inidental.com\/\",\"name\":\"Institut Implantol\u00f2gic Dental\",\"description\":\"Cl\u00ednica dental de confianza\",\"publisher\":{\"@id\":\"https:\/\/inidental.com\/#organization\"},\"potentialAction\":[{\"@type\":\"SearchAction\",\"target\":{\"@type\":\"EntryPoint\",\"urlTemplate\":\"https:\/\/inidental.com\/?s={search_term_string}\"},\"query-input\":{\"@type\":\"PropertyValueSpecification\",\"valueRequired\":true,\"valueName\":\"search_term_string\"}}],\"inLanguage\":\"ca\"},{\"@type\":\"Organization\",\"@id\":\"https:\/\/inidental.com\/#organization\",\"name\":\"Cl\u00ednica Dental Sant Marc\",\"url\":\"https:\/\/inidental.com\/\",\"logo\":{\"@type\":\"ImageObject\",\"inLanguage\":\"ca\",\"@id\":\"https:\/\/inidental.com\/#\/schema\/logo\/image\/\",\"url\":\"https:\/\/inidental.com\/wp-content\/uploads\/2018\/09\/sant-marc-clinica-dental.jpg\",\"contentUrl\":\"https:\/\/inidental.com\/wp-content\/uploads\/2018\/09\/sant-marc-clinica-dental.jpg\",\"width\":512,\"height\":512,\"caption\":\"Cl\u00ednica Dental Sant Marc\"},\"image\":{\"@id\":\"https:\/\/inidental.com\/#\/schema\/logo\/image\/\"}}]}<\/script>\n<!-- \/ Yoast SEO plugin. -->","yoast_head_json":{"title":"Cas Cl\u00ednic 15: Aplicaci\u00f3 de \u00c0cid Hialur\u00f2nic - Institut Implantol\u00f2gic Dental","description":"Renvovaci\u00f3 facial amb \u00e0cid hialur\u00f2nic: el cas real de Delia revela una transformaci\u00f3 sorprenent. Descobreix la bellesa natural ara.","robots":{"index":"index","follow":"follow","max-snippet":"max-snippet:-1","max-image-preview":"max-image-preview:large","max-video-preview":"max-video-preview:-1"},"canonical":"https:\/\/inidental.com\/ca\/cas-clinic-15\/","twitter_misc":{"Temps estimat de lectura":"2 minuts"},"schema":{"@context":"https:\/\/schema.org","@graph":[{"@type":"WebPage","@id":"https:\/\/inidental.com\/ca\/cas-clinic-15\/","url":"https:\/\/inidental.com\/ca\/cas-clinic-15\/","name":"Cas Cl\u00ednic 15: Aplicaci\u00f3 de \u00c0cid Hialur\u00f2nic - Institut Implantol\u00f2gic Dental","isPartOf":{"@id":"https:\/\/inidental.com\/#website"},"datePublished":"2023-11-10T09:01:40+00:00","dateModified":"2024-01-25T11:58:18+00:00","description":"Renvovaci\u00f3 facial amb \u00e0cid hialur\u00f2nic: el cas real de Delia revela una transformaci\u00f3 sorprenent. Descobreix la bellesa natural ara.","breadcrumb":{"@id":"https:\/\/inidental.com\/ca\/cas-clinic-15\/#breadcrumb"},"inLanguage":"ca","potentialAction":[{"@type":"ReadAction","target":["https:\/\/inidental.com\/ca\/cas-clinic-15\/"]}]},{"@type":"BreadcrumbList","@id":"https:\/\/inidental.com\/ca\/cas-clinic-15\/#breadcrumb","itemListElement":[{"@type":"ListItem","position":1,"name":"Home","item":"https:\/\/inidental.com\/ca\/"},{"@type":"ListItem","position":2,"name":"Cas Cl\u00ednic 15: Aplicaci\u00f3 de \u00c0cid Hialur\u00f2nic"}]},{"@type":"WebSite","@id":"https:\/\/inidental.com\/#website","url":"https:\/\/inidental.com\/","name":"Institut Implantol\u00f2gic Dental","description":"Cl\u00ednica dental de confianza","publisher":{"@id":"https:\/\/inidental.com\/#organization"},"potentialAction":[{"@type":"SearchAction","target":{"@type":"EntryPoint","urlTemplate":"https:\/\/inidental.com\/?s={search_term_string}"},"query-input":{"@type":"PropertyValueSpecification","valueRequired":true,"valueName":"search_term_string"}}],"inLanguage":"ca"},{"@type":"Organization","@id":"https:\/\/inidental.com\/#organization","name":"Cl\u00ednica Dental Sant Marc","url":"https:\/\/inidental.com\/","logo":{"@type":"ImageObject","inLanguage":"ca","@id":"https:\/\/inidental.com\/#\/schema\/logo\/image\/","url":"https:\/\/inidental.com\/wp-content\/uploads\/2018\/09\/sant-marc-clinica-dental.jpg","contentUrl":"https:\/\/inidental.com\/wp-content\/uploads\/2018\/09\/sant-marc-clinica-dental.jpg","width":512,"height":512,"caption":"Cl\u00ednica Dental Sant Marc"},"image":{"@id":"https:\/\/inidental.com\/#\/schema\/logo\/image\/"}}]}},"_links":{"self":[{"href":"https:\/\/inidental.com\/ca\/wp-json\/wp\/v2\/pages\/8194","targetHints":{"allow":["GET"]}}],"collection":[{"href":"https:\/\/inidental.com\/ca\/wp-json\/wp\/v2\/pages"}],"about":[{"href":"https:\/\/inidental.com\/ca\/wp-json\/wp\/v2\/types\/page"}],"author":[{"embeddable":true,"href":"https:\/\/inidental.com\/ca\/wp-json\/wp\/v2\/users\/3"}],"replies":[{"embeddable":true,"href":"https:\/\/inidental.com\/ca\/wp-json\/wp\/v2\/comments?post=8194"}],"version-history":[{"count":8,"href":"https:\/\/inidental.com\/ca\/wp-json\/wp\/v2\/pages\/8194\/revisions"}],"predecessor-version":[{"id":8303,"href":"https:\/\/inidental.com\/ca\/wp-json\/wp\/v2\/pages\/8194\/revisions\/8303"}],"wp:attachment":[{"href":"https:\/\/inidental.com\/ca\/wp-json\/wp\/v2\/media?parent=8194"}],"curies":[{"name":"wp","href":"https:\/\/api.w.org\/{rel}","templated":true}]}}