{"id":8378,"date":"2023-11-27T11:34:58","date_gmt":"2023-11-27T11:34:58","guid":{"rendered":"https:\/\/inidental.com\/?page_id=8378"},"modified":"2024-02-29T09:19:21","modified_gmt":"2024-02-29T09:19:21","slug":"cas-22","status":"publish","type":"page","link":"https:\/\/inidental.com\/ca\/cas-22\/","title":{"rendered":"Cas 22: All on Four &#8211; Antonio Parras"},"content":{"rendered":"<p>[et_pb_section bb_built=&#8221;1&#8243; _builder_version=&#8221;4.17.6&#8243; _module_preset=&#8221;default&#8221; global_colors_info=&#8221;{}&#8221;][et_pb_row _builder_version=&#8221;4.17.6&#8243; _module_preset=&#8221;default&#8221; global_colors_info=&#8221;{}&#8221;][et_pb_column type=&#8221;4_4&#8243; _builder_version=&#8221;4.17.6&#8243; _module_preset=&#8221;default&#8221; global_colors_info=&#8221;{}&#8221;][et_pb_image src=&#8221;https:\/\/inidental.com\/wp-content\/uploads\/2023\/01\/informe-dental.png&#8221; alt=&#8221;Informe dental caso cl\u00ednico&#8221; title_text=&#8221;Informe Dental&#8221; _builder_version=&#8221;4.21.0&#8243; _module_preset=&#8221;default&#8221; width=&#8221;6%&#8221; module_alignment=&#8221;center&#8221; global_colors_info=&#8221;{}&#8221;]<\/p>\n<p>[\/et_pb_image][et_pb_text _builder_version=&#8221;4.21.0&#8243; _module_preset=&#8221;default&#8221; hover_enabled=&#8221;0&#8243; locked=&#8221;off&#8221; global_colors_info=&#8221;{}&#8221; sticky_enabled=&#8221;0&#8243;]<\/p>\n<h1 style=\"text-align: center;\">Cas Cl\u00ednic 22: All on four<\/h1>\n<p>[\/et_pb_text][et_pb_divider _builder_version=&#8221;4.21.0&#8243; _module_preset=&#8221;default&#8221; max_width=&#8221;15%&#8221; module_alignment=&#8221;center&#8221; locked=&#8221;off&#8221; global_colors_info=&#8221;{}&#8221;]<\/p>\n<p>[\/et_pb_divider][et_pb_text _builder_version=&#8221;4.21.0&#8243; _module_preset=&#8221;default&#8221; hover_enabled=&#8221;0&#8243; locked=&#8221;off&#8221; global_colors_info=&#8221;{}&#8221; sticky_enabled=&#8221;0&#8243;]<\/p>\n<p style=\"text-align: center;\">Pacient de 41 anys acudeix a la Cl\u00ednica, ja que no li agrada el seu somriure.<\/p>\n<p>[\/et_pb_text][et_pb_text _builder_version=&#8221;4.21.0&#8243; _module_preset=&#8221;default&#8221; hover_enabled=&#8221;0&#8243; global_colors_info=&#8221;{}&#8221; sticky_enabled=&#8221;0&#8243;]<\/p>\n<p>Antonio de 41 anys acudeix a la consulta amb una hist\u00f2ria de visites al dentista des de la infantesa i ,aix\u00ed i tot, amb abs\u00e8ncia de la majoria de les dents del maxil\u00b7lar superior i d&#8217;algunes dents del maxil\u00b7lar inferior.<\/p>\n<p>[\/et_pb_text][et_pb_image src=&#8221;https:\/\/inidental.com\/wp-content\/uploads\/2023\/11\/FOTOGRAFIA-1-ANTONIO.jpg&#8221; alt=&#8221;Antonio Parras&#8221; title_text=&#8221;FOTOGRAFIA 1 ANTONIO&#8221; align=&#8221;center&#8221; _builder_version=&#8221;4.21.0&#8243; _module_preset=&#8221;default&#8221; width=&#8221;60%&#8221; locked=&#8221;off&#8221; global_colors_info=&#8221;{}&#8221;]<\/p>\n<p>[\/et_pb_image][et_pb_text _builder_version=&#8221;4.21.0&#8243; _module_preset=&#8221;default&#8221; hover_enabled=&#8221;0&#8243; global_colors_info=&#8221;{}&#8221; sticky_enabled=&#8221;0&#8243;]<\/p>\n<p>Despr\u00e9s de la radiografia inicial i l&#8217;exploraci\u00f3 li expliquem que les les dents de l&#8217;arcada superior estan deshauciados per destrucci\u00f3 coron\u00e0ria o per c\u00e0ries radiculars que no permeten una correcta restauraci\u00f3 dels mateixos i li proposem una soluci\u00f3 amb la t\u00e8cnica all on four, \u00e9s a dir, col\u00b7locar 4 implants en el maxil\u00b7lar superior i utilitzar-los com a pilars per a fer una rehabilitaci\u00f3 de 10 corones fixes de cer\u00e0mica.<\/p>\n<p>[\/et_pb_text][et_pb_image src=&#8221;https:\/\/inidental.com\/wp-content\/uploads\/2023\/11\/FOTOGRAFIA-2-ANTONIO.jpg&#8221; alt=&#8221;antonio parras radiografia&#8221; title_text=&#8221;FOTOGRAFIA 2 ANTONIO&#8221; align=&#8221;center&#8221; _builder_version=&#8221;4.21.0&#8243; _module_preset=&#8221;default&#8221; width=&#8221;60%&#8221; locked=&#8221;off&#8221; global_colors_info=&#8221;{}&#8221;]<\/p>\n<p>[\/et_pb_image][et_pb_image src=&#8221;https:\/\/inidental.com\/wp-content\/uploads\/2024\/02\/tonet-sonrisa-final-200001-1.jpg&#8221; alt=&#8221;antonio parras radiografia&#8221; title_text=&#8221;FOTOGRAFIA 2 ANTONIO&#8221; align=&#8221;center&#8221; _builder_version=&#8221;4.24.1&#8243; _module_preset=&#8221;default&#8221; width=&#8221;60%&#8221; global_colors_info=&#8221;{}&#8221; background_pattern_color=&#8221;rgba(0,0,0,0.2)&#8221; background_mask_color=&#8221;#ffffff&#8221; box_shadow_horizontal_tablet=&#8221;0px&#8221; box_shadow_vertical_tablet=&#8221;0px&#8221; box_shadow_blur_tablet=&#8221;40px&#8221; box_shadow_spread_tablet=&#8221;0px&#8221; vertical_offset_tablet=&#8221;0&#8243; horizontal_offset_tablet=&#8221;0&#8243; z_index_tablet=&#8221;0&#8243;]<\/p>\n<p>[\/et_pb_image][et_pb_code _builder_version=&#8221;4.24.1&#8243; background_pattern_color=&#8221;rgba(0,0,0,0.2)&#8221; background_mask_color=&#8221;#ffffff&#8221; box_shadow_horizontal_tablet=&#8221;0px&#8221; box_shadow_vertical_tablet=&#8221;0px&#8221; box_shadow_blur_tablet=&#8221;40px&#8221; box_shadow_spread_tablet=&#8221;0px&#8221; vertical_offset_tablet=&#8221;0&#8243; horizontal_offset_tablet=&#8221;0&#8243; z_index_tablet=&#8221;0&#8243;]<iframe loading=\"lazy\" width=\"560\" height=\"315\" src=\"https:\/\/www.youtube.com\/embed\/_eVAGmcooGQ\" frameborder=\"0\" allowfullscreen><\/iframe><!-- [et_pb_line_break_holder] -->[\/et_pb_code][\/et_pb_column][\/et_pb_row][et_pb_row admin_label=&#8221;Row&#8221; _builder_version=&#8221;4.16&#8243; background_size=&#8221;initial&#8221; background_position=&#8221;top_left&#8221; background_repeat=&#8221;repeat&#8221; locked=&#8221;off&#8221; global_colors_info=&#8221;{}&#8221;][et_pb_column type=&#8221;4_4&#8243; admin_label=&#8221;Column&#8221; _builder_version=&#8221;4.16&#8243; custom_padding=&#8221;|||&#8221; global_colors_info=&#8221;{}&#8221; custom_padding__hover=&#8221;|||&#8221;][et_pb_divider color=&#8221;#dddddd&#8221; _builder_version=&#8221;4.16&#8243; global_colors_info=&#8221;{}&#8221;]<\/p>\n<p>[\/et_pb_divider][et_pb_cta button_url=&#8221;https:\/\/inidental.com\/contacto\/&#8221; button_text=&#8221;Pedir cita&#8221; module_class=&#8221;botonFormularioLateral&#8221; _builder_version=&#8221;4.21.0&#8243; header_font=&#8221;|600|||||||&#8221; use_background_color=&#8221;off&#8221; button_icon=&#8221;&#x45;||divi||400&#8243; button_icon_color=&#8221;#ffffff&#8221; button_alignment=&#8221;center&#8221; background_layout=&#8221;light&#8221; hover_enabled=&#8221;0&#8243; z_index_tablet=&#8221;500&#8243; header_text_shadow_horizontal_length_tablet=&#8221;0px&#8221; header_text_shadow_vertical_length_tablet=&#8221;0px&#8221; header_text_shadow_blur_strength_tablet=&#8221;1px&#8221; body_text_shadow_horizontal_length_tablet=&#8221;0px&#8221; body_text_shadow_vertical_length_tablet=&#8221;0px&#8221; body_text_shadow_blur_strength_tablet=&#8221;1px&#8221; body_link_text_shadow_horizontal_length_tablet=&#8221;0px&#8221; body_link_text_shadow_vertical_length_tablet=&#8221;0px&#8221; body_link_text_shadow_blur_strength_tablet=&#8221;1px&#8221; body_ul_text_shadow_horizontal_length_tablet=&#8221;0px&#8221; body_ul_text_shadow_vertical_length_tablet=&#8221;0px&#8221; body_ul_text_shadow_blur_strength_tablet=&#8221;1px&#8221; body_ol_text_shadow_horizontal_length_tablet=&#8221;0px&#8221; body_ol_text_shadow_vertical_length_tablet=&#8221;0px&#8221; body_ol_text_shadow_blur_strength_tablet=&#8221;1px&#8221; body_quote_text_shadow_horizontal_length_tablet=&#8221;0px&#8221; body_quote_text_shadow_vertical_length_tablet=&#8221;0px&#8221; body_quote_text_shadow_blur_strength_tablet=&#8221;1px&#8221; button_text_shadow_horizontal_length_tablet=&#8221;0px&#8221; button_text_shadow_vertical_length_tablet=&#8221;0px&#8221; button_text_shadow_blur_strength_tablet=&#8221;1px&#8221; box_shadow_horizontal_tablet=&#8221;0px&#8221; box_shadow_vertical_tablet=&#8221;0px&#8221; box_shadow_blur_tablet=&#8221;40px&#8221; box_shadow_spread_tablet=&#8221;0px&#8221; box_shadow_horizontal_button_tablet=&#8221;0px&#8221; box_shadow_vertical_button_tablet=&#8221;0px&#8221; box_shadow_blur_button_tablet=&#8221;40px&#8221; box_shadow_spread_button_tablet=&#8221;0px&#8221; text_shadow_horizontal_length_tablet=&#8221;0px&#8221; text_shadow_vertical_length_tablet=&#8221;0px&#8221; text_shadow_blur_strength_tablet=&#8221;1px&#8221; global_colors_info=&#8221;{}&#8221; button_text_size__hover_enabled=&#8221;off&#8221; button_text_size__hover=&#8221;null&#8221; button_one_text_size__hover_enabled=&#8221;off&#8221; button_one_text_size__hover=&#8221;null&#8221; button_two_text_size__hover_enabled=&#8221;off&#8221; button_two_text_size__hover=&#8221;null&#8221; button_text_color__hover_enabled=&#8221;off&#8221; button_text_color__hover=&#8221;null&#8221; button_one_text_color__hover_enabled=&#8221;off&#8221; button_one_text_color__hover=&#8221;null&#8221; button_two_text_color__hover_enabled=&#8221;off&#8221; button_two_text_color__hover=&#8221;null&#8221; button_border_width__hover_enabled=&#8221;off&#8221; button_border_width__hover=&#8221;null&#8221; button_one_border_width__hover_enabled=&#8221;off&#8221; button_one_border_width__hover=&#8221;null&#8221; button_two_border_width__hover_enabled=&#8221;off&#8221; button_two_border_width__hover=&#8221;null&#8221; button_border_color__hover_enabled=&#8221;off&#8221; button_border_color__hover=&#8221;null&#8221; button_one_border_color__hover_enabled=&#8221;off&#8221; button_one_border_color__hover=&#8221;null&#8221; button_two_border_color__hover_enabled=&#8221;off&#8221; button_two_border_color__hover=&#8221;null&#8221; button_border_radius__hover_enabled=&#8221;off&#8221; button_border_radius__hover=&#8221;null&#8221; button_one_border_radius__hover_enabled=&#8221;off&#8221; button_one_border_radius__hover=&#8221;null&#8221; button_two_border_radius__hover_enabled=&#8221;off&#8221; button_two_border_radius__hover=&#8221;null&#8221; button_letter_spacing__hover_enabled=&#8221;off&#8221; button_letter_spacing__hover=&#8221;null&#8221; button_one_letter_spacing__hover_enabled=&#8221;off&#8221; button_one_letter_spacing__hover=&#8221;null&#8221; button_two_letter_spacing__hover_enabled=&#8221;off&#8221; button_two_letter_spacing__hover=&#8221;null&#8221; button_bg_color__hover_enabled=&#8221;off&#8221; button_bg_color__hover=&#8221;null&#8221; button_one_bg_color__hover_enabled=&#8221;off&#8221; button_one_bg_color__hover=&#8221;null&#8221; button_two_bg_color__hover_enabled=&#8221;off&#8221; button_two_bg_color__hover=&#8221;null&#8221; sticky_enabled=&#8221;0&#8243;]<\/p>\n<p style=\"font-size: 26px;\"><strong><br \/>Necessites m\u00e9s informaci\u00f3 o vols demanar cita<\/strong><\/p>\n<p>Professionals amb m\u00e9s de 20 anys d&#8217;experi\u00e8ncia.<\/p>\n<p>[\/et_pb_cta][\/et_pb_column][\/et_pb_row][\/et_pb_section]<\/p>\n","protected":false},"excerpt":{"rendered":"<p>Cas Cl\u00ednic 22: All on four Pacient de 41 anys acudeix a la Cl\u00ednica, ja que no li agrada el seu somriure. Antonio de 41 anys acudeix a la consulta amb una hist\u00f2ria de visites al dentista des de la infantesa i ,aix\u00ed i tot, amb abs\u00e8ncia de la majoria de les dents del maxil\u00b7lar [&hellip;]<\/p>\n","protected":false},"author":3,"featured_media":0,"parent":0,"menu_order":0,"comment_status":"closed","ping_status":"closed","template":"","meta":{"_et_pb_use_builder":"on","_et_pb_old_content":"[et_pb_section fb_built=\"1\" _builder_version=\"4.17.6\" _module_preset=\"default\" global_colors_info=\"{}\" theme_builder_area=\"post_content\"][et_pb_row _builder_version=\"4.17.6\" _module_preset=\"default\" global_colors_info=\"{}\" theme_builder_area=\"post_content\"][et_pb_column type=\"4_4\" _builder_version=\"4.17.6\" _module_preset=\"default\" global_colors_info=\"{}\" theme_builder_area=\"post_content\"][et_pb_image src=\"https:\/\/inidental.com\/wp-content\/uploads\/2023\/01\/informe-dental.png\" alt=\"Informe dental caso cl\u00ednico\" title_text=\"Informe Dental\" _builder_version=\"4.21.0\" _module_preset=\"default\" width=\"6%\" module_alignment=\"center\" hover_enabled=\"0\" global_colors_info=\"{}\" theme_builder_area=\"post_content\" sticky_enabled=\"0\"][\/et_pb_image][et_pb_text _builder_version=\"4.21.0\" _module_preset=\"default\" hover_enabled=\"0\" locked=\"off\" global_colors_info=\"{}\" theme_builder_area=\"post_content\" sticky_enabled=\"0\"]<h1 style=\"text-align: center;\">Caso Cl\u00ednico 22: All on four<\/h1>[\/et_pb_text][et_pb_divider _builder_version=\"4.21.0\" _module_preset=\"default\" max_width=\"15%\" module_alignment=\"center\" hover_enabled=\"0\" locked=\"off\" global_colors_info=\"{}\" theme_builder_area=\"post_content\" sticky_enabled=\"0\"][\/et_pb_divider][et_pb_text _builder_version=\"4.21.0\" _module_preset=\"default\" hover_enabled=\"0\" locked=\"off\" global_colors_info=\"{}\" theme_builder_area=\"post_content\" sticky_enabled=\"0\"]<p style=\"text-align: center;\">Paciente de 41 a\u00f1os acude a la Cl\u00ednica, ya que no le gusta su sonrisa.<\/p>[\/et_pb_text][et_pb_text _builder_version=\"4.21.0\" _module_preset=\"default\" hover_enabled=\"0\" global_colors_info=\"{}\" theme_builder_area=\"post_content\" sticky_enabled=\"0\"]<p>Antonio de 41 a\u00f1os acude a la consulta con una historia de visitas al dentista desde la ni\u00f1ez y ,aun as\u00ed, con ausencia de la mayor\u00eda de los dientes del maxilar superior y de algunos dientes del maxilar inferior.<\/p>\r\n[\/et_pb_text][et_pb_image src=\"https:\/\/inidental.com\/wp-content\/uploads\/2023\/11\/FOTOGRAFIA-1-ANTONIO.jpg\" alt=\"Antonio Parras\" title_text=\"FOTOGRAFIA 1 ANTONIO\" align=\"center\" _builder_version=\"4.21.0\" _module_preset=\"default\" width=\"60%\" hover_enabled=\"0\" locked=\"off\" global_colors_info=\"{}\" theme_builder_area=\"post_content\" sticky_enabled=\"0\"][\/et_pb_image][et_pb_text _builder_version=\"4.21.0\" _module_preset=\"default\" hover_enabled=\"0\" global_colors_info=\"{}\" theme_builder_area=\"post_content\" sticky_enabled=\"0\"]<p>Despu\u00e9s de la radiograf\u00eda inicial y la exploraci\u00f3n le explicamos que los los dientes de la arcada superior est\u00e1n deshauciados por destrucci\u00f3n coronaria o por caries radiculares que no permiten una correcta restauraci\u00f3n de los mismos y le proponemos una soluci\u00f3n con la t\u00e9cnica all on four, es decir, colocar 4 implantes en el maxilar superior y utilizarlos como pilares para hacer una rehabilitaci\u00f3n de 10 coronas  fijas de cer\u00e1mica.<\/p>[\/et_pb_text][et_pb_image src=\"https:\/\/inidental.com\/wp-content\/uploads\/2023\/11\/FOTOGRAFIA-2-ANTONIO.jpg\" alt=\"antonio parras radiografia\" title_text=\"FOTOGRAFIA 2 ANTONIO\" align=\"center\" _builder_version=\"4.21.0\" _module_preset=\"default\" width=\"60%\" hover_enabled=\"0\" locked=\"off\" global_colors_info=\"{}\" theme_builder_area=\"post_content\" sticky_enabled=\"0\"][\/et_pb_image][\/et_pb_column][\/et_pb_row][et_pb_row admin_label=\"Row\" _builder_version=\"4.16\" background_size=\"initial\" background_position=\"top_left\" background_repeat=\"repeat\" locked=\"off\" global_colors_info=\"{}\" theme_builder_area=\"post_content\"][et_pb_column type=\"4_4\" admin_label=\"Column\" _builder_version=\"4.16\" custom_padding=\"|||\" global_colors_info=\"{}\" custom_padding__hover=\"|||\" theme_builder_area=\"post_content\"][et_pb_divider color=\"#dddddd\" _builder_version=\"4.16\" global_colors_info=\"{}\" theme_builder_area=\"post_content\"][\/et_pb_divider][et_pb_cta button_url=\"https:\/\/inidental.com\/contacto\/\" button_text=\"Pedir cita\" module_class=\"botonFormularioLateral\" _builder_version=\"4.17.6\" header_font=\"|600|||||||\" use_background_color=\"off\" button_icon=\"E||divi||400\" button_icon_color=\"#ffffff\" button_alignment=\"center\" background_layout=\"light\" z_index_tablet=\"500\" header_text_shadow_horizontal_length_tablet=\"0px\" header_text_shadow_vertical_length_tablet=\"0px\" header_text_shadow_blur_strength_tablet=\"1px\" body_text_shadow_horizontal_length_tablet=\"0px\" body_text_shadow_vertical_length_tablet=\"0px\" body_text_shadow_blur_strength_tablet=\"1px\" body_link_text_shadow_horizontal_length_tablet=\"0px\" body_link_text_shadow_vertical_length_tablet=\"0px\" body_link_text_shadow_blur_strength_tablet=\"1px\" body_ul_text_shadow_horizontal_length_tablet=\"0px\" body_ul_text_shadow_vertical_length_tablet=\"0px\" body_ul_text_shadow_blur_strength_tablet=\"1px\" body_ol_text_shadow_horizontal_length_tablet=\"0px\" body_ol_text_shadow_vertical_length_tablet=\"0px\" body_ol_text_shadow_blur_strength_tablet=\"1px\" body_quote_text_shadow_horizontal_length_tablet=\"0px\" body_quote_text_shadow_vertical_length_tablet=\"0px\" body_quote_text_shadow_blur_strength_tablet=\"1px\" button_text_shadow_horizontal_length_tablet=\"0px\" button_text_shadow_vertical_length_tablet=\"0px\" button_text_shadow_blur_strength_tablet=\"1px\" box_shadow_horizontal_tablet=\"0px\" box_shadow_vertical_tablet=\"0px\" box_shadow_blur_tablet=\"40px\" box_shadow_spread_tablet=\"0px\" box_shadow_horizontal_button_tablet=\"0px\" box_shadow_vertical_button_tablet=\"0px\" box_shadow_blur_button_tablet=\"40px\" box_shadow_spread_button_tablet=\"0px\" text_shadow_horizontal_length_tablet=\"0px\" text_shadow_vertical_length_tablet=\"0px\" text_shadow_blur_strength_tablet=\"1px\" global_colors_info=\"{}\" button_text_size__hover_enabled=\"off\" button_text_size__hover=\"null\" button_one_text_size__hover_enabled=\"off\" button_one_text_size__hover=\"null\" button_two_text_size__hover_enabled=\"off\" button_two_text_size__hover=\"null\" button_text_color__hover_enabled=\"off\" button_text_color__hover=\"null\" button_one_text_color__hover_enabled=\"off\" button_one_text_color__hover=\"null\" button_two_text_color__hover_enabled=\"off\" button_two_text_color__hover=\"null\" button_border_width__hover_enabled=\"off\" button_border_width__hover=\"null\" button_one_border_width__hover_enabled=\"off\" button_one_border_width__hover=\"null\" button_two_border_width__hover_enabled=\"off\" button_two_border_width__hover=\"null\" button_border_color__hover_enabled=\"off\" button_border_color__hover=\"null\" button_one_border_color__hover_enabled=\"off\" button_one_border_color__hover=\"null\" button_two_border_color__hover_enabled=\"off\" button_two_border_color__hover=\"null\" button_border_radius__hover_enabled=\"off\" button_border_radius__hover=\"null\" button_one_border_radius__hover_enabled=\"off\" button_one_border_radius__hover=\"null\" button_two_border_radius__hover_enabled=\"off\" button_two_border_radius__hover=\"null\" button_letter_spacing__hover_enabled=\"off\" button_letter_spacing__hover=\"null\" button_one_letter_spacing__hover_enabled=\"off\" button_one_letter_spacing__hover=\"null\" button_two_letter_spacing__hover_enabled=\"off\" button_two_letter_spacing__hover=\"null\" button_bg_color__hover_enabled=\"off\" button_bg_color__hover=\"null\" button_one_bg_color__hover_enabled=\"off\" button_one_bg_color__hover=\"null\" button_two_bg_color__hover_enabled=\"off\" button_two_bg_color__hover=\"null\" theme_builder_area=\"post_content\"]<p style=\"font-size: 26px;\"><strong><br \/>Necesitas m\u00e1s informaci\u00f3n o quieres pedir cita<\/strong><\/p>\r\n<p>Profesionales con m\u00e1s de 20 a\u00f1os de experiencia.<\/p>\r\n[\/et_pb_cta][\/et_pb_column][\/et_pb_row][\/et_pb_section]","_et_gb_content_width":"","_uf_show_specific_survey":0,"_uf_disable_surveys":false,"footnotes":""},"class_list":["post-8378","page","type-page","status-publish","hentry"],"yoast_head":"<!-- This site is optimized with the Yoast SEO plugin v27.4 - https:\/\/yoast.com\/product\/yoast-seo-wordpress\/ -->\n<title>Cas 22: All on Four - Antonio Parras - Institut Implantol\u00f2gic Dental<\/title>\n<meta name=\"description\" content=\"Descobreix l&#039;impactant cas real de All-on-Four d&#039;Antonio Parras: somriure renovat amb implants dentals. Odontologia de vanguarda.\" \/>\n<meta name=\"robots\" content=\"index, follow, max-snippet:-1, max-image-preview:large, max-video-preview:-1\" \/>\n<link rel=\"canonical\" href=\"https:\/\/inidental.com\/ca\/cas-22\/\" \/>\n<meta name=\"twitter:label1\" content=\"Temps estimat de lectura\" \/>\n\t<meta name=\"twitter:data1\" content=\"2 minuts\" \/>\n<script type=\"application\/ld+json\" class=\"yoast-schema-graph\">{\"@context\":\"https:\\\/\\\/schema.org\",\"@graph\":[{\"@type\":\"WebPage\",\"@id\":\"https:\\\/\\\/inidental.com\\\/ca\\\/cas-22\\\/\",\"url\":\"https:\\\/\\\/inidental.com\\\/ca\\\/cas-22\\\/\",\"name\":\"Cas 22: All on Four - Antonio Parras - Institut Implantol\u00f2gic Dental\",\"isPartOf\":{\"@id\":\"https:\\\/\\\/inidental.com\\\/#website\"},\"datePublished\":\"2023-11-27T11:34:58+00:00\",\"dateModified\":\"2024-02-29T09:19:21+00:00\",\"description\":\"Descobreix l'impactant cas real de All-on-Four d'Antonio Parras: somriure renovat amb implants dentals. Odontologia de vanguarda.\",\"breadcrumb\":{\"@id\":\"https:\\\/\\\/inidental.com\\\/ca\\\/cas-22\\\/#breadcrumb\"},\"inLanguage\":\"ca\",\"potentialAction\":[{\"@type\":\"ReadAction\",\"target\":[\"https:\\\/\\\/inidental.com\\\/ca\\\/cas-22\\\/\"]}]},{\"@type\":\"BreadcrumbList\",\"@id\":\"https:\\\/\\\/inidental.com\\\/ca\\\/cas-22\\\/#breadcrumb\",\"itemListElement\":[{\"@type\":\"ListItem\",\"position\":1,\"name\":\"Home\",\"item\":\"https:\\\/\\\/inidental.com\\\/ca\\\/\"},{\"@type\":\"ListItem\",\"position\":2,\"name\":\"Cas 22: All on Four &#8211; Antonio Parras\"}]},{\"@type\":\"WebSite\",\"@id\":\"https:\\\/\\\/inidental.com\\\/#website\",\"url\":\"https:\\\/\\\/inidental.com\\\/\",\"name\":\"Institut Implantol\u00f2gic Dental\",\"description\":\"Cl\u00ednica dental de confianza\",\"publisher\":{\"@id\":\"https:\\\/\\\/inidental.com\\\/#organization\"},\"potentialAction\":[{\"@type\":\"SearchAction\",\"target\":{\"@type\":\"EntryPoint\",\"urlTemplate\":\"https:\\\/\\\/inidental.com\\\/?s={search_term_string}\"},\"query-input\":{\"@type\":\"PropertyValueSpecification\",\"valueRequired\":true,\"valueName\":\"search_term_string\"}}],\"inLanguage\":\"ca\"},{\"@type\":\"Organization\",\"@id\":\"https:\\\/\\\/inidental.com\\\/#organization\",\"name\":\"Cl\u00ednica Dental Sant Marc\",\"url\":\"https:\\\/\\\/inidental.com\\\/\",\"logo\":{\"@type\":\"ImageObject\",\"inLanguage\":\"ca\",\"@id\":\"https:\\\/\\\/inidental.com\\\/#\\\/schema\\\/logo\\\/image\\\/\",\"url\":\"https:\\\/\\\/inidental.com\\\/wp-content\\\/uploads\\\/2018\\\/09\\\/sant-marc-clinica-dental.jpg\",\"contentUrl\":\"https:\\\/\\\/inidental.com\\\/wp-content\\\/uploads\\\/2018\\\/09\\\/sant-marc-clinica-dental.jpg\",\"width\":512,\"height\":512,\"caption\":\"Cl\u00ednica Dental Sant Marc\"},\"image\":{\"@id\":\"https:\\\/\\\/inidental.com\\\/#\\\/schema\\\/logo\\\/image\\\/\"}}]}<\/script>\n<!-- \/ Yoast SEO plugin. -->","yoast_head_json":{"title":"Cas 22: All on Four - Antonio Parras - Institut Implantol\u00f2gic Dental","description":"Descobreix l'impactant cas real de All-on-Four d'Antonio Parras: somriure renovat amb implants dentals. Odontologia de vanguarda.","robots":{"index":"index","follow":"follow","max-snippet":"max-snippet:-1","max-image-preview":"max-image-preview:large","max-video-preview":"max-video-preview:-1"},"canonical":"https:\/\/inidental.com\/ca\/cas-22\/","twitter_misc":{"Temps estimat de lectura":"2 minuts"},"schema":{"@context":"https:\/\/schema.org","@graph":[{"@type":"WebPage","@id":"https:\/\/inidental.com\/ca\/cas-22\/","url":"https:\/\/inidental.com\/ca\/cas-22\/","name":"Cas 22: All on Four - Antonio Parras - Institut Implantol\u00f2gic Dental","isPartOf":{"@id":"https:\/\/inidental.com\/#website"},"datePublished":"2023-11-27T11:34:58+00:00","dateModified":"2024-02-29T09:19:21+00:00","description":"Descobreix l'impactant cas real de All-on-Four d'Antonio Parras: somriure renovat amb implants dentals. Odontologia de vanguarda.","breadcrumb":{"@id":"https:\/\/inidental.com\/ca\/cas-22\/#breadcrumb"},"inLanguage":"ca","potentialAction":[{"@type":"ReadAction","target":["https:\/\/inidental.com\/ca\/cas-22\/"]}]},{"@type":"BreadcrumbList","@id":"https:\/\/inidental.com\/ca\/cas-22\/#breadcrumb","itemListElement":[{"@type":"ListItem","position":1,"name":"Home","item":"https:\/\/inidental.com\/ca\/"},{"@type":"ListItem","position":2,"name":"Cas 22: All on Four &#8211; Antonio Parras"}]},{"@type":"WebSite","@id":"https:\/\/inidental.com\/#website","url":"https:\/\/inidental.com\/","name":"Institut Implantol\u00f2gic Dental","description":"Cl\u00ednica dental de confianza","publisher":{"@id":"https:\/\/inidental.com\/#organization"},"potentialAction":[{"@type":"SearchAction","target":{"@type":"EntryPoint","urlTemplate":"https:\/\/inidental.com\/?s={search_term_string}"},"query-input":{"@type":"PropertyValueSpecification","valueRequired":true,"valueName":"search_term_string"}}],"inLanguage":"ca"},{"@type":"Organization","@id":"https:\/\/inidental.com\/#organization","name":"Cl\u00ednica Dental Sant Marc","url":"https:\/\/inidental.com\/","logo":{"@type":"ImageObject","inLanguage":"ca","@id":"https:\/\/inidental.com\/#\/schema\/logo\/image\/","url":"https:\/\/inidental.com\/wp-content\/uploads\/2018\/09\/sant-marc-clinica-dental.jpg","contentUrl":"https:\/\/inidental.com\/wp-content\/uploads\/2018\/09\/sant-marc-clinica-dental.jpg","width":512,"height":512,"caption":"Cl\u00ednica Dental Sant Marc"},"image":{"@id":"https:\/\/inidental.com\/#\/schema\/logo\/image\/"}}]}},"_links":{"self":[{"href":"https:\/\/inidental.com\/ca\/wp-json\/wp\/v2\/pages\/8378","targetHints":{"allow":["GET"]}}],"collection":[{"href":"https:\/\/inidental.com\/ca\/wp-json\/wp\/v2\/pages"}],"about":[{"href":"https:\/\/inidental.com\/ca\/wp-json\/wp\/v2\/types\/page"}],"author":[{"embeddable":true,"href":"https:\/\/inidental.com\/ca\/wp-json\/wp\/v2\/users\/3"}],"replies":[{"embeddable":true,"href":"https:\/\/inidental.com\/ca\/wp-json\/wp\/v2\/comments?post=8378"}],"version-history":[{"count":7,"href":"https:\/\/inidental.com\/ca\/wp-json\/wp\/v2\/pages\/8378\/revisions"}],"predecessor-version":[{"id":8997,"href":"https:\/\/inidental.com\/ca\/wp-json\/wp\/v2\/pages\/8378\/revisions\/8997"}],"wp:attachment":[{"href":"https:\/\/inidental.com\/ca\/wp-json\/wp\/v2\/media?parent=8378"}],"curies":[{"name":"wp","href":"https:\/\/api.w.org\/{rel}","templated":true}]}}