{"id":9090,"date":"2024-03-26T11:03:16","date_gmt":"2024-03-26T11:03:16","guid":{"rendered":"https:\/\/inidental.com\/experiencia-de-nuestros-pacientes\/"},"modified":"2025-05-21T10:44:46","modified_gmt":"2025-05-21T10:44:46","slug":"experiencia-dels-nostres-pacients","status":"publish","type":"page","link":"https:\/\/inidental.com\/ca\/experiencia-dels-nostres-pacients\/","title":{"rendered":"Experi\u00e8ncia dels nostres pacients"},"content":{"rendered":"<p>[et_pb_section fb_built=&#8221;1&#8243; _builder_version=&#8221;4.17.6&#8243; _module_preset=&#8221;default&#8221; global_colors_info=&#8221;{}&#8221;][et_pb_row _builder_version=&#8221;4.17.6&#8243; _module_preset=&#8221;default&#8221; custom_padding=&#8221;||50px||false|false&#8221; global_colors_info=&#8221;{}&#8221;][et_pb_column type=&#8221;4_4&#8243; _builder_version=&#8221;4.17.6&#8243; _module_preset=&#8221;default&#8221; global_colors_info=&#8221;{}&#8221;][et_pb_text _builder_version=&#8221;4.24.1&#8243; header_2_font=&#8221;|700|||||||&#8221; header_2_text_align=&#8221;center&#8221; header_2_font_size=&#8221;35px&#8221; text_orientation=&#8221;center&#8221; custom_margin=&#8221;0px||-10px|&#8221; custom_padding=&#8221;|||&#8221; locked=&#8221;off&#8221; global_colors_info=&#8221;{}&#8221;]<\/p>\n<h1 style=\"font-size: 35px;\">Experi\u00e8ncia dels nostres pacients<\/h1>\n<p>[\/et_pb_text][et_pb_divider color=&#8221;#4e5056&#8243; divider_weight=&#8221;1px&#8221; _builder_version=&#8221;4.24.1&#8243; max_width=&#8221;15%&#8221; module_alignment=&#8221;center&#8221; height=&#8221;0px&#8221; custom_margin=&#8221;10px||10px|&#8221; custom_padding=&#8221;10px||10px|&#8221; locked=&#8221;off&#8221; global_colors_info=&#8221;{}&#8221;][\/et_pb_divider][\/et_pb_column][\/et_pb_row][et_pb_row _builder_version=&#8221;4.17.6&#8243; _module_preset=&#8221;default&#8221; locked=&#8221;off&#8221; global_colors_info=&#8221;{}&#8221;][et_pb_column type=&#8221;4_4&#8243; _builder_version=&#8221;4.17.6&#8243; _module_preset=&#8221;default&#8221; global_colors_info=&#8221;{}&#8221;][et_pb_text _builder_version=&#8221;4.24.1&#8243; _module_preset=&#8221;default&#8221; header_2_font=&#8221;||||||||&#8221; header_2_font_size=&#8221;24px&#8221; text_orientation=&#8221;center&#8221; global_colors_info=&#8221;{}&#8221;]<\/p>\n<h2><strong>CAS DE JORDI: ALL ON FOUR<\/strong><\/h2>\n<p>[\/et_pb_text][et_pb_code _builder_version=&#8221;4.24.1&#8243; _module_preset=&#8221;default&#8221; global_colors_info=&#8221;{}&#8221;]<iframe src=\"https:\/\/www.youtube.com\/embed\/ngpmgjj7IFg\" frameborder=\"0\" allowfullscreen=\"allowfullscreen\"><\/iframe><!-- [et_pb_line_break_holder] --><!-- [et_pb_line_break_holder] --><!-- [et_pb_line_break_holder] -->[\/et_pb_code][et_pb_button button_url=&#8221;https:\/\/inidental.com\/ca\/cas-clinic-2\/&#8221; button_text=&#8221;Veure cas cl\u00ednic&#8221; button_alignment=&#8221;center&#8221; _builder_version=&#8221;4.24.1&#8243; _module_preset=&#8221;default&#8221; locked=&#8221;off&#8221; global_colors_info=&#8221;{}&#8221;][\/et_pb_button][et_pb_divider color=&#8221;#d1d1d1&#8243; _builder_version=&#8221;4.17.6&#8243; _module_preset=&#8221;default&#8221; max_width=&#8221;30%&#8221; module_alignment=&#8221;center&#8221; global_colors_info=&#8221;{}&#8221;][\/et_pb_divider][\/et_pb_column][\/et_pb_row][et_pb_row _builder_version=&#8221;4.17.6&#8243; _module_preset=&#8221;default&#8221; locked=&#8221;off&#8221; global_colors_info=&#8221;{}&#8221;][et_pb_column type=&#8221;4_4&#8243; _builder_version=&#8221;4.17.6&#8243; _module_preset=&#8221;default&#8221; global_colors_info=&#8221;{}&#8221;][et_pb_text _builder_version=&#8221;4.24.1&#8243; _module_preset=&#8221;default&#8221; header_2_font=&#8221;||||||||&#8221; header_2_font_size=&#8221;24px&#8221; text_orientation=&#8221;center&#8221; global_colors_info=&#8221;{}&#8221;]<\/p>\n<h2><strong>CAS DE MONTSE: ALL ON FOUR<\/strong><\/h2>\n<p>[\/et_pb_text][et_pb_code _builder_version=&#8221;4.24.1&#8243; _module_preset=&#8221;default&#8221; global_colors_info=&#8221;{}&#8221;]<iframe src=\"https:\/\/www.youtube.com\/embed\/ShF49UujsYU\" frameborder=\"0\" allowfullscreen=\"allowfullscreen\"><\/iframe><!-- [et_pb_line_break_holder] --><!-- [et_pb_line_break_holder] --><!-- [et_pb_line_break_holder] -->[\/et_pb_code][et_pb_button button_url=&#8221;https:\/\/inidental.com\/ca\/cas-clinic-1\/&#8221; button_text=&#8221;Veure cas cl\u00ednic&#8221; button_alignment=&#8221;center&#8221; _builder_version=&#8221;4.24.1&#8243; _module_preset=&#8221;default&#8221; locked=&#8221;off&#8221; global_colors_info=&#8221;{}&#8221;][\/et_pb_button][et_pb_divider color=&#8221;#d1d1d1&#8243; _builder_version=&#8221;4.17.6&#8243; _module_preset=&#8221;default&#8221; max_width=&#8221;30%&#8221; module_alignment=&#8221;center&#8221; global_colors_info=&#8221;{}&#8221;][\/et_pb_divider][\/et_pb_column][\/et_pb_row][et_pb_row _builder_version=&#8221;4.17.6&#8243; _module_preset=&#8221;default&#8221; locked=&#8221;off&#8221; global_colors_info=&#8221;{}&#8221;][et_pb_column type=&#8221;4_4&#8243; _builder_version=&#8221;4.17.6&#8243; _module_preset=&#8221;default&#8221; global_colors_info=&#8221;{}&#8221;][et_pb_text _builder_version=&#8221;4.24.1&#8243; _module_preset=&#8221;default&#8221; header_2_font=&#8221;||||||||&#8221; header_2_font_size=&#8221;24px&#8221; text_orientation=&#8221;center&#8221; global_colors_info=&#8221;{}&#8221;]<\/p>\n<h2><strong>CAS DE NIEVES: ALL ON FOUR<\/strong><\/h2>\n<p>[\/et_pb_text][et_pb_code _builder_version=&#8221;4.24.1&#8243; _module_preset=&#8221;default&#8221; global_colors_info=&#8221;{}&#8221;]<iframe src=\"https:\/\/www.youtube.com\/embed\/U-PlKT9_MrM\" frameborder=\"0\" allowfullscreen=\"allowfullscreen\"><\/iframe>[\/et_pb_code][et_pb_button button_url=&#8221;https:\/\/inidental.com\/ca\/caso-23-all-on-four\/&#8221; button_text=&#8221;Veure cas cl\u00ednic&#8221; button_alignment=&#8221;center&#8221; _builder_version=&#8221;4.24.1&#8243; _module_preset=&#8221;default&#8221; locked=&#8221;off&#8221; global_colors_info=&#8221;{}&#8221;][\/et_pb_button][et_pb_divider color=&#8221;#d1d1d1&#8243; _builder_version=&#8221;4.17.6&#8243; _module_preset=&#8221;default&#8221; max_width=&#8221;30%&#8221; module_alignment=&#8221;center&#8221; global_colors_info=&#8221;{}&#8221;][\/et_pb_divider][\/et_pb_column][\/et_pb_row][et_pb_row _builder_version=&#8221;4.17.6&#8243; _module_preset=&#8221;default&#8221; locked=&#8221;off&#8221; global_colors_info=&#8221;{}&#8221;][et_pb_column type=&#8221;4_4&#8243; _builder_version=&#8221;4.17.6&#8243; _module_preset=&#8221;default&#8221; global_colors_info=&#8221;{}&#8221;][et_pb_text _builder_version=&#8221;4.24.1&#8243; _module_preset=&#8221;default&#8221; header_2_font=&#8221;||||||||&#8221; header_2_font_size=&#8221;24px&#8221; text_orientation=&#8221;center&#8221; global_colors_info=&#8221;{}&#8221;]<\/p>\n<h2><strong>CAS DE ANTONIO: ALL ON FOUR<\/strong><\/h2>\n<p>[\/et_pb_text][et_pb_code _builder_version=&#8221;4.24.1&#8243; _module_preset=&#8221;default&#8221; global_colors_info=&#8221;{}&#8221;]<iframe src=\"https:\/\/www.youtube.com\/embed\/_eVAGmcooGQ\" frameborder=\"0\" allowfullscreen=\"allowfullscreen\"><\/iframe>[\/et_pb_code][et_pb_button button_url=&#8221;https:\/\/inidental.com\/ca\/cas-22\/&#8221; button_text=&#8221;Veure cas cl\u00ednic&#8221; button_alignment=&#8221;center&#8221; _builder_version=&#8221;4.24.1&#8243; _module_preset=&#8221;default&#8221; locked=&#8221;off&#8221; global_colors_info=&#8221;{}&#8221;][\/et_pb_button][et_pb_divider color=&#8221;#d1d1d1&#8243; _builder_version=&#8221;4.17.6&#8243; _module_preset=&#8221;default&#8221; max_width=&#8221;30%&#8221; module_alignment=&#8221;center&#8221; global_colors_info=&#8221;{}&#8221;][\/et_pb_divider][\/et_pb_column][\/et_pb_row][et_pb_row _builder_version=&#8221;4.17.6&#8243; _module_preset=&#8221;default&#8221; locked=&#8221;off&#8221; global_colors_info=&#8221;{}&#8221;][et_pb_column type=&#8221;4_4&#8243; _builder_version=&#8221;4.17.6&#8243; _module_preset=&#8221;default&#8221; global_colors_info=&#8221;{}&#8221;][et_pb_text _builder_version=&#8221;4.24.1&#8243; _module_preset=&#8221;default&#8221; header_2_font=&#8221;||||||||&#8221; header_2_font_size=&#8221;24px&#8221; text_orientation=&#8221;center&#8221; global_colors_info=&#8221;{}&#8221;]<\/p>\n<h2><strong>CAS DE JOAQUIN: ALL ON FOUR<\/strong><\/h2>\n<p>[\/et_pb_text][et_pb_code _builder_version=&#8221;4.24.1&#8243; _module_preset=&#8221;default&#8221; global_colors_info=&#8221;{}&#8221;]<iframe src=\"https:\/\/www.youtube.com\/embed\/nhEReksbCQk?si=TmWOmowxJakV00mM\" title=\"YouTube video player\" frameborder=\"0\" allow=\"accelerometer; autoplay; clipboard-write; encrypted-media; gyroscope; picture-in-picture; web-share\" referrerpolicy=\"strict-origin-when-cross-origin\" allowfullscreen><\/iframe>[\/et_pb_code][et_pb_divider color=&#8221;#d1d1d1&#8243; _builder_version=&#8221;4.17.6&#8243; _module_preset=&#8221;default&#8221; max_width=&#8221;30%&#8221; module_alignment=&#8221;center&#8221; global_colors_info=&#8221;{}&#8221;][\/et_pb_divider][\/et_pb_column][\/et_pb_row][et_pb_row _builder_version=&#8221;4.17.6&#8243; _module_preset=&#8221;default&#8221; locked=&#8221;off&#8221; global_colors_info=&#8221;{}&#8221;][et_pb_column type=&#8221;4_4&#8243; _builder_version=&#8221;4.17.6&#8243; _module_preset=&#8221;default&#8221; global_colors_info=&#8221;{}&#8221;][et_pb_text _builder_version=&#8221;4.24.1&#8243; _module_preset=&#8221;default&#8221; header_2_font=&#8221;||||||||&#8221; header_2_font_size=&#8221;24px&#8221; text_orientation=&#8221;center&#8221; global_colors_info=&#8221;{}&#8221;]<\/p>\n<h2><strong>CAS DE JORDI: IMPLANTS DENTALS<\/strong><\/h2>\n<p>[\/et_pb_text][et_pb_code _builder_version=&#8221;4.24.1&#8243; _module_preset=&#8221;default&#8221; global_colors_info=&#8221;{}&#8221;]<iframe loading=\"lazy\" width=\"560\" height=\"315\" src=\"https:\/\/www.youtube.com\/embed\/oGaF-RlRo2M?si=QuKREMA7rW95ExEg\" title=\"YouTube video player\" frameborder=\"0\" allow=\"accelerometer; autoplay; clipboard-write; encrypted-media; gyroscope; picture-in-picture; web-share\" referrerpolicy=\"strict-origin-when-cross-origin\" allowfullscreen><\/iframe>[\/et_pb_code][et_pb_button button_url=&#8221;https:\/\/inidental.com\/ca\/cas-clinic-10\/&#8221; button_text=&#8221;Veure cas cl\u00ednic&#8221; button_alignment=&#8221;center&#8221; _builder_version=&#8221;4.24.1&#8243; _module_preset=&#8221;default&#8221; locked=&#8221;off&#8221; global_colors_info=&#8221;{}&#8221;][\/et_pb_button][et_pb_divider color=&#8221;#d1d1d1&#8243; _builder_version=&#8221;4.17.6&#8243; _module_preset=&#8221;default&#8221; max_width=&#8221;30%&#8221; module_alignment=&#8221;center&#8221; global_colors_info=&#8221;{}&#8221;][\/et_pb_divider][\/et_pb_column][\/et_pb_row][et_pb_row _builder_version=&#8221;4.17.6&#8243; _module_preset=&#8221;default&#8221; locked=&#8221;off&#8221; global_colors_info=&#8221;{}&#8221;][et_pb_column type=&#8221;4_4&#8243; _builder_version=&#8221;4.17.6&#8243; _module_preset=&#8221;default&#8221; global_colors_info=&#8221;{}&#8221;][et_pb_text _builder_version=&#8221;4.27.4&#8243; _module_preset=&#8221;default&#8221; header_2_font=&#8221;||||||||&#8221; header_2_font_size=&#8221;24px&#8221; text_orientation=&#8221;center&#8221; global_colors_info=&#8221;{}&#8221;]<\/p>\n<h2><strong>CAS DE FRANCISCO: ALL ON FOUR<\/strong><\/h2>\n<p>[\/et_pb_text][et_pb_code _builder_version=&#8221;4.27.4&#8243; _module_preset=&#8221;default&#8221; global_colors_info=&#8221;{}&#8221;]<iframe loading=\"lazy\" width=\"560\" height=\"315\" src=\"https:\/\/www.youtube.com\/embed\/01mwdzlRz04?si=cJYnxtJFc6pHsqYY\" title=\"YouTube video player\" frameborder=\"0\" allow=\"accelerometer; autoplay; clipboard-write; encrypted-media; gyroscope; picture-in-picture; web-share\" referrerpolicy=\"strict-origin-when-cross-origin\" allowfullscreen><\/iframe>[\/et_pb_code][et_pb_button button_url=&#8221;https:\/\/inidental.com\/ca\/caso-26-all-on-four\/&#8221; button_text=&#8221;Veure cas cl\u00ednic&#8221; button_alignment=&#8221;center&#8221; _builder_version=&#8221;4.27.4&#8243; _module_preset=&#8221;default&#8221; locked=&#8221;off&#8221; global_colors_info=&#8221;{}&#8221;][\/et_pb_button][et_pb_divider color=&#8221;#d1d1d1&#8243; _builder_version=&#8221;4.17.6&#8243; _module_preset=&#8221;default&#8221; max_width=&#8221;30%&#8221; module_alignment=&#8221;center&#8221; global_colors_info=&#8221;{}&#8221;][\/et_pb_divider][\/et_pb_column][\/et_pb_row][et_pb_row _builder_version=&#8221;4.17.6&#8243; _module_preset=&#8221;default&#8221; locked=&#8221;off&#8221; global_colors_info=&#8221;{}&#8221;][et_pb_column type=&#8221;4_4&#8243; _builder_version=&#8221;4.17.6&#8243; _module_preset=&#8221;default&#8221; global_colors_info=&#8221;{}&#8221;][et_pb_text _builder_version=&#8221;4.27.4&#8243; _module_preset=&#8221;default&#8221; header_2_font=&#8221;||||||||&#8221; header_2_font_size=&#8221;24px&#8221; text_orientation=&#8221;center&#8221; hover_enabled=&#8221;0&#8243; global_colors_info=&#8221;{}&#8221; sticky_enabled=&#8221;0&#8243;]<\/p>\n<h2><strong>CAS DE POL: EST\u00c8TICA DENTAL<\/strong><\/h2>\n<p>[\/et_pb_text][et_pb_code _builder_version=&#8221;4.27.4&#8243; _module_preset=&#8221;default&#8221; global_colors_info=&#8221;{}&#8221;]<iframe loading=\"lazy\" width=\"560\" height=\"315\" src=\"https:\/\/www.youtube.com\/embed\/nD_lmKQJMUw?si=2e_Q9w6r8uIav-q0\" title=\"YouTube video player\" frameborder=\"0\" allow=\"accelerometer; autoplay; clipboard-write; encrypted-media; gyroscope; picture-in-picture; web-share\" referrerpolicy=\"strict-origin-when-cross-origin\" allowfullscreen><\/iframe>[\/et_pb_code][et_pb_button button_url=&#8221;https:\/\/inidental.com\/ca\/cas-de-pol-estetica-dental\/&#8221; button_text=&#8221;Veure cas cl\u00ednic&#8221; button_alignment=&#8221;center&#8221; _builder_version=&#8221;4.27.4&#8243; _module_preset=&#8221;default&#8221; hover_enabled=&#8221;0&#8243; locked=&#8221;off&#8221; global_colors_info=&#8221;{}&#8221; sticky_enabled=&#8221;0&#8243;][\/et_pb_button][et_pb_divider color=&#8221;#d1d1d1&#8243; _builder_version=&#8221;4.17.6&#8243; _module_preset=&#8221;default&#8221; max_width=&#8221;30%&#8221; module_alignment=&#8221;center&#8221; global_colors_info=&#8221;{}&#8221;][\/et_pb_divider][\/et_pb_column][\/et_pb_row][\/et_pb_section]<\/p>\n","protected":false},"excerpt":{"rendered":"<p>Experi\u00e8ncia dels nostres pacientsCAS DE JORDI: ALL ON FOURCAS DE MONTSE: ALL ON FOURCAS DE NIEVES: ALL ON FOURCAS DE ANTONIO: ALL ON FOURCAS DE JOAQUIN: ALL ON FOURCAS DE JORDI: IMPLANTS DENTALSCAS DE FRANCISCO: ALL ON FOURCAS DE POL: EST\u00c8TICA DENTAL<\/p>\n","protected":false},"author":3,"featured_media":0,"parent":0,"menu_order":0,"comment_status":"closed","ping_status":"closed","template":"","meta":{"_et_pb_use_builder":"on","_et_pb_old_content":"","_et_gb_content_width":"","_uf_show_specific_survey":0,"_uf_disable_surveys":false,"footnotes":""},"class_list":["post-9090","page","type-page","status-publish","hentry"],"yoast_head":"<!-- This site is optimized with the Yoast SEO plugin v26.7 - https:\/\/yoast.com\/wordpress\/plugins\/seo\/ -->\n<title>Experi\u00e8ncia dels nostres pacients - Institut Implantol\u00f2gic Dental<\/title>\n<meta name=\"description\" content=\"Descobreix les diferents experi\u00e8ncies dels nostres pacients i com compten els seus casos per a entendre tots els processos que es van realitzar.\" \/>\n<meta name=\"robots\" content=\"index, follow, max-snippet:-1, max-image-preview:large, max-video-preview:-1\" \/>\n<link rel=\"canonical\" href=\"https:\/\/inidental.com\/ca\/experiencia-dels-nostres-pacients\/\" \/>\n<meta name=\"twitter:label1\" content=\"Temps estimat de lectura\" \/>\n\t<meta name=\"twitter:data1\" content=\"1 minut\" \/>\n<script type=\"application\/ld+json\" class=\"yoast-schema-graph\">{\"@context\":\"https:\/\/schema.org\",\"@graph\":[{\"@type\":\"WebPage\",\"@id\":\"https:\/\/inidental.com\/ca\/experiencia-dels-nostres-pacients\/\",\"url\":\"https:\/\/inidental.com\/ca\/experiencia-dels-nostres-pacients\/\",\"name\":\"Experi\u00e8ncia dels nostres pacients - Institut Implantol\u00f2gic Dental\",\"isPartOf\":{\"@id\":\"https:\/\/inidental.com\/#website\"},\"datePublished\":\"2024-03-26T11:03:16+00:00\",\"dateModified\":\"2025-05-21T10:44:46+00:00\",\"description\":\"Descobreix les diferents experi\u00e8ncies dels nostres pacients i com compten els seus casos per a entendre tots els processos que es van realitzar.\",\"breadcrumb\":{\"@id\":\"https:\/\/inidental.com\/ca\/experiencia-dels-nostres-pacients\/#breadcrumb\"},\"inLanguage\":\"ca\",\"potentialAction\":[{\"@type\":\"ReadAction\",\"target\":[\"https:\/\/inidental.com\/ca\/experiencia-dels-nostres-pacients\/\"]}]},{\"@type\":\"BreadcrumbList\",\"@id\":\"https:\/\/inidental.com\/ca\/experiencia-dels-nostres-pacients\/#breadcrumb\",\"itemListElement\":[{\"@type\":\"ListItem\",\"position\":1,\"name\":\"Home\",\"item\":\"https:\/\/inidental.com\/ca\/\"},{\"@type\":\"ListItem\",\"position\":2,\"name\":\"Experi\u00e8ncia dels nostres pacients\"}]},{\"@type\":\"WebSite\",\"@id\":\"https:\/\/inidental.com\/#website\",\"url\":\"https:\/\/inidental.com\/\",\"name\":\"Institut Implantol\u00f2gic Dental\",\"description\":\"Cl\u00ednica dental de confianza\",\"publisher\":{\"@id\":\"https:\/\/inidental.com\/#organization\"},\"potentialAction\":[{\"@type\":\"SearchAction\",\"target\":{\"@type\":\"EntryPoint\",\"urlTemplate\":\"https:\/\/inidental.com\/?s={search_term_string}\"},\"query-input\":{\"@type\":\"PropertyValueSpecification\",\"valueRequired\":true,\"valueName\":\"search_term_string\"}}],\"inLanguage\":\"ca\"},{\"@type\":\"Organization\",\"@id\":\"https:\/\/inidental.com\/#organization\",\"name\":\"Cl\u00ednica Dental Sant Marc\",\"url\":\"https:\/\/inidental.com\/\",\"logo\":{\"@type\":\"ImageObject\",\"inLanguage\":\"ca\",\"@id\":\"https:\/\/inidental.com\/#\/schema\/logo\/image\/\",\"url\":\"https:\/\/inidental.com\/wp-content\/uploads\/2018\/09\/sant-marc-clinica-dental.jpg\",\"contentUrl\":\"https:\/\/inidental.com\/wp-content\/uploads\/2018\/09\/sant-marc-clinica-dental.jpg\",\"width\":512,\"height\":512,\"caption\":\"Cl\u00ednica Dental Sant Marc\"},\"image\":{\"@id\":\"https:\/\/inidental.com\/#\/schema\/logo\/image\/\"}}]}<\/script>\n<!-- \/ Yoast SEO plugin. -->","yoast_head_json":{"title":"Experi\u00e8ncia dels nostres pacients - Institut Implantol\u00f2gic Dental","description":"Descobreix les diferents experi\u00e8ncies dels nostres pacients i com compten els seus casos per a entendre tots els processos que es van realitzar.","robots":{"index":"index","follow":"follow","max-snippet":"max-snippet:-1","max-image-preview":"max-image-preview:large","max-video-preview":"max-video-preview:-1"},"canonical":"https:\/\/inidental.com\/ca\/experiencia-dels-nostres-pacients\/","twitter_misc":{"Temps estimat de lectura":"1 minut"},"schema":{"@context":"https:\/\/schema.org","@graph":[{"@type":"WebPage","@id":"https:\/\/inidental.com\/ca\/experiencia-dels-nostres-pacients\/","url":"https:\/\/inidental.com\/ca\/experiencia-dels-nostres-pacients\/","name":"Experi\u00e8ncia dels nostres pacients - Institut Implantol\u00f2gic Dental","isPartOf":{"@id":"https:\/\/inidental.com\/#website"},"datePublished":"2024-03-26T11:03:16+00:00","dateModified":"2025-05-21T10:44:46+00:00","description":"Descobreix les diferents experi\u00e8ncies dels nostres pacients i com compten els seus casos per a entendre tots els processos que es van realitzar.","breadcrumb":{"@id":"https:\/\/inidental.com\/ca\/experiencia-dels-nostres-pacients\/#breadcrumb"},"inLanguage":"ca","potentialAction":[{"@type":"ReadAction","target":["https:\/\/inidental.com\/ca\/experiencia-dels-nostres-pacients\/"]}]},{"@type":"BreadcrumbList","@id":"https:\/\/inidental.com\/ca\/experiencia-dels-nostres-pacients\/#breadcrumb","itemListElement":[{"@type":"ListItem","position":1,"name":"Home","item":"https:\/\/inidental.com\/ca\/"},{"@type":"ListItem","position":2,"name":"Experi\u00e8ncia dels nostres pacients"}]},{"@type":"WebSite","@id":"https:\/\/inidental.com\/#website","url":"https:\/\/inidental.com\/","name":"Institut Implantol\u00f2gic Dental","description":"Cl\u00ednica dental de confianza","publisher":{"@id":"https:\/\/inidental.com\/#organization"},"potentialAction":[{"@type":"SearchAction","target":{"@type":"EntryPoint","urlTemplate":"https:\/\/inidental.com\/?s={search_term_string}"},"query-input":{"@type":"PropertyValueSpecification","valueRequired":true,"valueName":"search_term_string"}}],"inLanguage":"ca"},{"@type":"Organization","@id":"https:\/\/inidental.com\/#organization","name":"Cl\u00ednica Dental Sant Marc","url":"https:\/\/inidental.com\/","logo":{"@type":"ImageObject","inLanguage":"ca","@id":"https:\/\/inidental.com\/#\/schema\/logo\/image\/","url":"https:\/\/inidental.com\/wp-content\/uploads\/2018\/09\/sant-marc-clinica-dental.jpg","contentUrl":"https:\/\/inidental.com\/wp-content\/uploads\/2018\/09\/sant-marc-clinica-dental.jpg","width":512,"height":512,"caption":"Cl\u00ednica Dental Sant Marc"},"image":{"@id":"https:\/\/inidental.com\/#\/schema\/logo\/image\/"}}]}},"_links":{"self":[{"href":"https:\/\/inidental.com\/ca\/wp-json\/wp\/v2\/pages\/9090","targetHints":{"allow":["GET"]}}],"collection":[{"href":"https:\/\/inidental.com\/ca\/wp-json\/wp\/v2\/pages"}],"about":[{"href":"https:\/\/inidental.com\/ca\/wp-json\/wp\/v2\/types\/page"}],"author":[{"embeddable":true,"href":"https:\/\/inidental.com\/ca\/wp-json\/wp\/v2\/users\/3"}],"replies":[{"embeddable":true,"href":"https:\/\/inidental.com\/ca\/wp-json\/wp\/v2\/comments?post=9090"}],"version-history":[{"count":10,"href":"https:\/\/inidental.com\/ca\/wp-json\/wp\/v2\/pages\/9090\/revisions"}],"predecessor-version":[{"id":10222,"href":"https:\/\/inidental.com\/ca\/wp-json\/wp\/v2\/pages\/9090\/revisions\/10222"}],"wp:attachment":[{"href":"https:\/\/inidental.com\/ca\/wp-json\/wp\/v2\/media?parent=9090"}],"curies":[{"name":"wp","href":"https:\/\/api.w.org\/{rel}","templated":true}]}}